
{"id":15025,"date":"2021-01-07T16:07:08","date_gmt":"2021-01-07T09:07:08","guid":{"rendered":"https:\/\/elo.edu.vn\/?page_id=15025"},"modified":"2022-01-21T16:24:00","modified_gmt":"2022-01-21T09:24:00","slug":"xet-tot-nghiep","status":"publish","type":"page","link":"https:\/\/en.elo.edu.vn\/?page_id=15025","title":{"rendered":"Th\u00f4ng tin x\u00e9t t\u1ed1t nghi\u1ec7p"},"content":{"rendered":"<p>[vc_row][vc_column][vc_empty_space height=&#8221;50px&#8221; el_class=&#8221;vc_hidden-xs vc_hidden-sm&#8221;][vc_empty_space height=&#8221;40px&#8221;]<div class=\"elo-heading text-center\">TH\u00d4NG TIN X\u00c9T T\u1ed0T NGHI\u1ec6P<\/div>[\/vc_column][\/vc_row][vc_row][vc_column]<div class=\"elo-regulation \"><div class=\"elo-regulation__content\">V\u1ec1 vi\u1ec7c x\u00e9t v\u00e0 c\u00f4ng nh\u1eadn t\u1ed1t nghi\u1ec7p cho sinh vi\u00ean h\u00ecnh th\u1ee9c \u0111\u00e0o t\u1ea1o T\u1eeb xa v\u00e0 V\u1eeba l\u00e0m v\u1eeba h\u1ecdc \u0111\u1ee3t 1-2022<\/div><a href=\"https:\/\/drive.google.com\/file\/d\/1A0BUcx_jG1XLo22lsVEX0HO0cWoIOZzH\/view?usp=sharing\" class=\"elo-regulation__link\">Xem t\u1ea1i \u0111\u00e2y<\/a><\/div><div class=\"elo-regulation \"><div class=\"elo-regulation__content\">V\u1ec1 vi\u1ec7c x\u00e9t v\u00e0 c\u00f4ng nh\u1eadn t\u1ed1t nghi\u1ec7p cho sinh vi\u00ean h\u00ecnh th\u1ee9c \u0111\u00e0o t\u1ea1o T\u1eeb xa v\u00e0 V\u1eeba l\u00e0m v\u1eeba h\u1ecdc \u0111\u1ee3t 4-2021 (b\u1ed5 sung \u0111\u1ee3t x\u00e9t th\u00e1ng 12\/2021)<\/div><a href=\"https:\/\/drive.google.com\/open?id=16WtFXSoR7potUHywTOW7dXXvUS915Qqh&#038;authuser=nhung.cao%40oude.edu.vn&#038;usp=drive_fs\" class=\"elo-regulation__link\">Xem t\u1ea1i \u0111\u00e2y<\/a><\/div><div class=\"elo-regulation \"><div class=\"elo-regulation__content\">V\u1ec1 vi\u1ec7c x\u00e9t v\u00e0 c\u00f4ng nh\u1eadn t\u1ed1t nghi\u1ec7p cho sinh vi\u00ean h\u00ecnh th\u1ee9c \u0111\u00e0o t\u1ea1o T\u1eeb xa v\u00e0 V\u1eeba l\u00e0m v\u1eeba h\u1ecdc \u0111\u1ee3t 3 \u2013 2021<\/div><a href=\"https:\/\/elo.edu.vn\/?p=17269\" class=\"elo-regulation__link\">Xem t\u1ea1i \u0111\u00e2y<\/a><\/div><div class=\"elo-regulation \"><div class=\"elo-regulation__content\">V\u1ec1 vi\u1ec7c x\u00e9t v\u00e0 c\u00f4ng nh\u1eadn t\u1ed1t nghi\u1ec7p cho sinh vi\u00ean h\u00ecnh th\u1ee9c \u0111\u00e0o t\u1ea1o T\u1eeb xa v\u00e0 V\u1eeba l\u00e0m v\u1eeba h\u1ecdc \u0111\u1ee3t 2 \u2013 2021<\/div><a href=\"https:\/\/elo.edu.vn\/?p=17265\" class=\"elo-regulation__link\">Xem t\u1ea1i \u0111\u00e2y<\/a><\/div><div class=\"elo-regulation \"><div class=\"elo-regulation__content\">V\u1ec1 vi\u1ec7c x\u00e9t v\u00e0 c\u00f4ng nh\u1eadn t\u1ed1t nghi\u1ec7p cho sinh vi\u00ean h\u00ecnh th\u1ee9c \u0111\u00e0o t\u1ea1o T\u1eeb xa v\u00e0 V\u1eeba l\u00e0m v\u1eeba h\u1ecdc \u0111\u1ee3t 1 \u2013 2021<\/div><a href=\"https:\/\/elo.edu.vn\/?p=15847\" class=\"elo-regulation__link\">Xem t\u1ea1i \u0111\u00e2y<\/a><\/div><div class=\"elo-regulation \"><div class=\"elo-regulation__content\">V\u1ec1 vi\u1ec7c x\u00e9t v\u00e0 c\u00f4ng nh\u1eadn t\u1ed1t nghi\u1ec7p cho sinh vi\u00ean h\u00ecnh th\u1ee9c \u0111\u00e0o t\u1ea1o T\u1eeb xa v\u00e0 V\u1eeba l\u00e0m v\u1eeba h\u1ecdc \u0111\u1ee3t 3 \u2013 2020<\/div><a href=\"https:\/\/elo.edu.vn\/?p=15662\" class=\"elo-regulation__link\">Xem t\u1ea1i \u0111\u00e2y<\/a><\/div><div class=\"elo-regulation \"><div class=\"elo-regulation__content\">V\u1ec1 vi\u1ec7c x\u00e9t v\u00e0 c\u00f4ng nh\u1eadn t\u1ed1t nghi\u1ec7p cho sinh vi\u00ean h\u00ecnh th\u1ee9c \u0111\u00e0o t\u1ea1o T\u1eeb xa v\u00e0 V\u1eeba l\u00e0m v\u1eeba h\u1ecdc \u0111\u1ee3t 2 \u2013 2020<\/div><a href=\"https:\/\/elo.edu.vn\/?p=15405\" class=\"elo-regulation__link\">Xem t\u1ea1i \u0111\u00e2y<\/a><\/div><div class=\"elo-regulation \"><div class=\"elo-regulation__content\">V\u1ec1 vi\u1ec7c x\u00e9t v\u00e0 c\u00f4ng nh\u1eadn t\u1ed1t nghi\u1ec7p cho sinh vi\u00ean h\u00ecnh th\u1ee9c \u0111\u00e0o t\u1ea1o T\u1eeb xa v\u00e0 V\u1eeba l\u00e0m v\u1eeba h\u1ecdc \u0111\u1ee3t 1 \u2013 2020<\/div><a href=\"https:\/\/elo.edu.vn\/?p=15129\" class=\"elo-regulation__link\">Xem t\u1ea1i \u0111\u00e2y<\/a><\/div><div class=\"elo-regulation \"><div class=\"elo-regulation__content\">V\u1ec1 vi\u1ec7c x\u00e9t v\u00e0 c\u00f4ng nh\u1eadn t\u1ed1t nghi\u1ec7p cho sinh vi\u00ean h\u00ecnh th\u1ee9c \u0111\u00e0o t\u1ea1o T\u1eeb xa v\u00e0 V\u1eeba l\u00e0m v\u1eeba h\u1ecdc \u0111\u1ee3t 3 \u2013 2019<\/div><a href=\"https:\/\/elo.edu.vn\/?p=15466\" class=\"elo-regulation__link\">Xem t\u1ea1i \u0111\u00e2y<\/a><\/div><div class=\"elo-regulation \"><div class=\"elo-regulation__content\">V\u1ec1 vi\u1ec7c x\u00e9t v\u00e0 c\u00f4ng nh\u1eadn t\u1ed1t nghi\u1ec7p cho sinh vi\u00ean h\u00ecnh th\u1ee9c \u0111\u00e0o t\u1ea1o T\u1eeb xa v\u00e0 V\u1eeba l\u00e0m v\u1eeba h\u1ecdc \u0111\u1ee3t 2 \u2013 2019<\/div><a href=\"https:\/\/elo.edu.vn\/?p=15468\" class=\"elo-regulation__link\">Xem t\u1ea1i \u0111\u00e2y<\/a><\/div><div class=\"elo-regulation \"><div class=\"elo-regulation__content\">V\u1ec1 vi\u1ec7c x\u00e9t v\u00e0 c\u00f4ng nh\u1eadn t\u1ed1t nghi\u1ec7p cho sinh vi\u00ean h\u00ecnh th\u1ee9c \u0111\u00e0o t\u1ea1o T\u1eeb xa v\u00e0 V\u1eeba l\u00e0m v\u1eeba h\u1ecdc \u0111\u1ee3t 1 \u2013 2019<\/div><a href=\"https:\/\/elo.edu.vn\/?p=15472\" class=\"elo-regulation__link\">Xem t\u1ea1i \u0111\u00e2y<\/a><\/div>[\/vc_column][\/vc_row][vc_row][vc_column][vc_empty_space height=&#8221;50px&#8221;][vc_empty_space height=&#8221;25px&#8221;][\/vc_column][\/vc_row]<\/p>\n","protected":false},"excerpt":{"rendered":"<p>[vc_row][vc_column][vc_empty_space height=&#8221;50px&#8221; el_class=&#8221;vc_hidden-xs vc_hidden-sm&#8221;][vc_empty_space height=&#8221;40px&#8221;][\/vc_column][\/vc_row][vc_row][vc_column][\/vc_column][\/vc_row][vc_row][vc_column][vc_empty_space height=&#8221;50px&#8221;][vc_empty_space height=&#8221;25px&#8221;][\/vc_column][\/vc_row]<\/p>\n","protected":false},"author":1,"featured_media":17013,"parent":0,"menu_order":0,"comment_status":"closed","ping_status":"closed","template":"","meta":[],"_links":{"self":[{"href":"https:\/\/en.elo.edu.vn\/index.php?rest_route=\/wp\/v2\/pages\/15025"}],"collection":[{"href":"https:\/\/en.elo.edu.vn\/index.php?rest_route=\/wp\/v2\/pages"}],"about":[{"href":"https:\/\/en.elo.edu.vn\/index.php?rest_route=\/wp\/v2\/types\/page"}],"author":[{"embeddable":true,"href":"https:\/\/en.elo.edu.vn\/index.php?rest_route=\/wp\/v2\/users\/1"}],"replies":[{"embeddable":true,"href":"https:\/\/en.elo.edu.vn\/index.php?rest_route=%2Fwp%2Fv2%2Fcomments&post=15025"}],"version-history":[{"count":14,"href":"https:\/\/en.elo.edu.vn\/index.php?rest_route=\/wp\/v2\/pages\/15025\/revisions"}],"predecessor-version":[{"id":17467,"href":"https:\/\/en.elo.edu.vn\/index.php?rest_route=\/wp\/v2\/pages\/15025\/revisions\/17467"}],"wp:featuredmedia":[{"embeddable":true,"href":"https:\/\/en.elo.edu.vn\/index.php?rest_route=\/wp\/v2\/media\/17013"}],"wp:attachment":[{"href":"https:\/\/en.elo.edu.vn\/index.php?rest_route=%2Fwp%2Fv2%2Fmedia&parent=15025"}],"curies":[{"name":"wp","href":"https:\/\/api.w.org\/{rel}","templated":true}]}}