
{"id":15028,"date":"2022-03-09T17:09:01","date_gmt":"2022-03-09T10:09:01","guid":{"rendered":"https:\/\/elo.edu.vn\/?page_id=15028"},"modified":"2022-03-09T17:44:35","modified_gmt":"2022-03-09T10:44:35","slug":"thong-bao-khac","status":"publish","type":"page","link":"https:\/\/en.elo.edu.vn\/?page_id=15028","title":{"rendered":"Th\u00f4ng b\u00e1o kh\u00e1c"},"content":{"rendered":"<p>[vc_row][vc_column][vc_empty_space height=&#8221;50px&#8221; el_class=&#8221;vc_hidden-xs vc_hidden-sm&#8221;][vc_empty_space height=&#8221;40px&#8221;]<div class=\"elo-heading text-center\">TH\u00d4NG B\u00c1O KH\u00c1C<\/div>[\/vc_column][\/vc_row][vc_row][vc_column]<div class=\"elo-regulation \"><div class=\"elo-regulation__content\">V\u1ec1 vi\u1ec7c thanh to\u00e1n h\u1ecdc ph\u00ed h\u1ecdc k\u1ef3 2 n\u0103m h\u1ecdc 2021-2022<\/div><a href=\"https:\/\/drive.google.com\/file\/d\/1CHKO97qxVxy0ZoDRmhXgpK6Ya-OiumoM\/view?usp=sharing\" class=\"elo-regulation__link\">Xem t\u1ea1i \u0111\u00e2y<\/a><\/div><div class=\"elo-regulation \"><div class=\"elo-regulation__content\">\u0110\u0103ng k\u00fd nh\u1eadn ch\u1ee9ng ch\u1ec9 n\u0103ng l\u1ef1c ngh\u1ec1 nghi\u1ec7p_N\u0103m h\u1ecdc 2020-2021<\/div><a href=\"https:\/\/elo.edu.vn\/?p=17493\" class=\"elo-regulation__link\">Xem t\u1ea1i \u0111\u00e2y<\/a><\/div><div class=\"elo-regulation \"><div class=\"elo-regulation__content\">Th\u00f4ng b\u00e1o b\u1ea3o tr\u00ec h\u1ec7 th\u1ed1ng h\u1ecdc t\u1eadp tr\u1ef1c tuy\u1ebfn ELOLMS<\/div><a href=\"https:\/\/drive.google.com\/file\/d\/1DM2BsTrZJ9hpLYWPjFDZRO-z9I-bQFkH\/view?usp=sharing\" class=\"elo-regulation__link\">Xem t\u1ea1i \u0111\u00e2y<\/a><\/div><div class=\"elo-regulation \"><div class=\"elo-regulation__content\">\u0110\u0103ng k\u00fd \u0111\u1ecba \u0111i\u1ec3m thi k\u1ebft th\u00fac m\u00f4n h\u1ecdc_HK1 n\u0103m h\u1ecdc 2021-2022 (th\u00e1ng 03\/2022)<\/div><a href=\"https:\/\/elo.edu.vn\/?p=17395\" class=\"elo-regulation__link\">Xem t\u1ea1i \u0111\u00e2y<\/a><\/div><div class=\"elo-regulation \"><div class=\"elo-regulation__content\">K\u1ebft qu\u1ea3 ki\u1ec3m tra tr\u00ecnh \u0111\u1ed9 ti\u1ebfng Anh kh\u00f4ng chuy\u00ean \u0111\u1ee3t 1 n\u0103m h\u1ecdc 2021-2022 (ng\u00e0y 26\/12\/2021)<\/div><a href=\"https:\/\/docs.google.com\/spreadsheets\/d\/1H5WGhPRjM4eSRysbyvfwHI9bPQuXk7ZO\/edit?usp=sharing&#038;ouid=118376435341658044224&#038;rtpof=true&#038;sd=true\" class=\"elo-regulation__link\">Xem t\u1ea1i \u0111\u00e2y<\/a><\/div><div class=\"elo-regulation \"><div class=\"elo-regulation__content\">H\u01b0\u1edbng d\u1eabn s\u1eed d\u1ee5ng Th\u01b0 vi\u1ec7n c\u1ee7a Tr\u01b0\u1eddng \u0111\u1ea1i h\u1ecdc M\u1edf Tp.HCM<\/div><a href=\"https:\/\/drive.google.com\/file\/d\/1PKh59JdwTTlcoyFkcxgqPZ00LjM-9M8w\/view?usp=sharing\" class=\"elo-regulation__link\">Xem t\u1ea1i \u0111\u00e2y<\/a><\/div><div class=\"elo-regulation \"><div class=\"elo-regulation__content\">Th\u00f4ng b\u00e1o v\/v c\u1eadp nh\u1eadt th\u00f4ng tin trang elo.edu.vn<\/div><a href=\"http:\/\/t.ly\/BzWb\" class=\"elo-regulation__link\">Xem t\u1ea1i \u0111\u00e2y<\/a><\/div><div class=\"elo-regulation \"><div class=\"elo-regulation__content\">Th\u00f4ng b\u00e1o ph\u00e1t b\u1eb1ng t\u1ed1t nghi\u1ec7p \u0110\u1ee3t 2\/2021 h\u00ecnh th\u1ee9c \u0110\u00e0o t\u1ea1o t\u1eeb xa v\u00e0 v\u1eeba l\u00e0m v\u1eeba h\u1ecdc<\/div><a href=\"https:\/\/drive.google.com\/file\/d\/1nFk-OXMDeUJmelcbDchKrfbt6Id59Y_a\/view?usp=sharing\" class=\"elo-regulation__link\">Xem t\u1ea1i \u0111\u00e2y<\/a><\/div><div class=\"elo-regulation \"><div class=\"elo-regulation__content\">T\u1ed5 ch\u1ee9c \u0111\u00e1nh gi\u00e1 n\u0103ng l\u1ef1c ti\u1ebfng Anh \u0111\u1ea7u kh\u00f3a \u0111\u1ed1i v\u1edbi sinh vi\u00ean ch\u01b0\u01a1ng tr\u00ecnh \u0111\u00e0o t\u1ea1o C\u1eed nh\u00e2n t\u1eeb xa qua m\u1ea1ng \u0111\u1ee3t 1 n\u0103m h\u1ecdc 2021-2022<\/div><a href=\"https:\/\/elo.edu.vn\/?p=17242\" class=\"elo-regulation__link\">Xem t\u1ea1i \u0111\u00e2y<\/a><\/div><div class=\"elo-regulation \"><div class=\"elo-regulation__content\">V\u1ec1 vi\u1ec7c th\u00f4ng tin \u0111i\u1ec1u ch\u1ec9nh truy c\u1eadp v\u00e0o h\u1ec7 th\u1ed1ng qu\u1ea3n l\u00fd h\u1ecdc t\u1eadp tr\u1ef1c tuy\u1ebfn<\/div><a href=\"https:\/\/elo.edu.vn\/?p=15866\" class=\"elo-regulation__link\">Xem t\u1ea1i \u0111\u00e2y<\/a><\/div><div class=\"elo-regulation \"><div class=\"elo-regulation__content\">Th\u00f4ng b\u00e1o v\u1ec1 vi\u1ec7c t\u1ed5 ch\u1ee9c L\u1ec5 t\u1ed1t nghi\u1ec7p \u0111\u1ea1i h\u1ecdc h\u00ecnh th\u1ee9c \u0111\u00e0o t\u1ea1o t\u1eeb xa qua m\u1ea1ng n\u0103m 2020<\/div><a href=\"https:\/\/elo.edu.vn\/?p=15740\" class=\"elo-regulation__link\">Xem t\u1ea1i \u0111\u00e2y<\/a><\/div><div class=\"elo-regulation \"><div class=\"elo-regulation__content\">Danh m\u1ee5c h\u1ecdc li\u1ec7u h\u1ecdc k\u1ef3 1 n\u0103m h\u1ecdc 2021-2022<\/div><a href=\"https:\/\/docs.google.com\/spreadsheets\/d\/1vlKVZ__uNmE4ZiHtpZjpmXlyUfLxqRyz\/edit?usp=sharing&#038;ouid=107146940353957122815&#038;rtpof=true&#038;sd=true\" class=\"elo-regulation__link\">Xem t\u1ea1i \u0111\u00e2y<\/a><\/div><div class=\"elo-regulation \"><div class=\"elo-regulation__content\">Danh m\u1ee5c h\u1ecdc li\u1ec7u h\u1ecdc k\u1ef3 1 n\u0103m h\u1ecdc 2020-2021<\/div><a href=\"https:\/\/elo.edu.vn\/?p=15671\" class=\"elo-regulation__link\">Xem t\u1ea1i \u0111\u00e2y<\/a><\/div><div class=\"elo-regulation \"><div class=\"elo-regulation__content\">Danh m\u1ee5c h\u1ecdc li\u1ec7u cho h\u1ecdc k\u1ef3 3 n\u0103m h\u1ecdc 2019-2020<\/div><a href=\"https:\/\/elo.edu.vn\/?p=15501\" class=\"elo-regulation__link\">Xem t\u1ea1i \u0111\u00e2y<\/a><\/div><div class=\"elo-regulation \"><div class=\"elo-regulation__content\">Danh m\u1ee5c h\u1ecdc li\u1ec7u cho h\u1ecdc k\u1ef3 2 n\u0103m h\u1ecdc 2019-2020<\/div><a href=\"https:\/\/elo.edu.vn\/?p=15167\" class=\"elo-regulation__link\">Xem t\u1ea1i \u0111\u00e2y<\/a><\/div><div class=\"elo-regulation \"><div class=\"elo-regulation__content\">T\u1ed5 ch\u1ee9c gi\u1ea3ng d\u1ea1y c\u00e1c m\u00f4n l\u00fd lu\u1eadn ch\u00ednh tr\u1ecb theo quy \u0111\u1ecbnh m\u1edbi c\u1ee7a b\u1ed9 Gi\u00e1o d\u1ee5c<\/div><a href=\"https:\/\/elo.edu.vn\/?p=15490\" class=\"elo-regulation__link\">Xem t\u1ea1i \u0111\u00e2y<\/a><\/div>[\/vc_column][\/vc_row][vc_row][vc_column][vc_empty_space height=&#8221;50px&#8221;][vc_empty_space height=&#8221;25px&#8221;][\/vc_column][\/vc_row]<\/p>\n","protected":false},"excerpt":{"rendered":"<p>[vc_row][vc_column][vc_empty_space height=&#8221;50px&#8221; el_class=&#8221;vc_hidden-xs vc_hidden-sm&#8221;][vc_empty_space height=&#8221;40px&#8221;][\/vc_column][\/vc_row][vc_row][vc_column][\/vc_column][\/vc_row][vc_row][vc_column][vc_empty_space height=&#8221;50px&#8221;][vc_empty_space height=&#8221;25px&#8221;][\/vc_column][\/vc_row]<\/p>\n","protected":false},"author":1,"featured_media":14993,"parent":0,"menu_order":0,"comment_status":"closed","ping_status":"closed","template":"","meta":[],"_links":{"self":[{"href":"https:\/\/en.elo.edu.vn\/index.php?rest_route=\/wp\/v2\/pages\/15028"}],"collection":[{"href":"https:\/\/en.elo.edu.vn\/index.php?rest_route=\/wp\/v2\/pages"}],"about":[{"href":"https:\/\/en.elo.edu.vn\/index.php?rest_route=\/wp\/v2\/types\/page"}],"author":[{"embeddable":true,"href":"https:\/\/en.elo.edu.vn\/index.php?rest_route=\/wp\/v2\/users\/1"}],"replies":[{"embeddable":true,"href":"https:\/\/en.elo.edu.vn\/index.php?rest_route=%2Fwp%2Fv2%2Fcomments&post=15028"}],"version-history":[{"count":17,"href":"https:\/\/en.elo.edu.vn\/index.php?rest_route=\/wp\/v2\/pages\/15028\/revisions"}],"predecessor-version":[{"id":17543,"href":"https:\/\/en.elo.edu.vn\/index.php?rest_route=\/wp\/v2\/pages\/15028\/revisions\/17543"}],"wp:featuredmedia":[{"embeddable":true,"href":"https:\/\/en.elo.edu.vn\/index.php?rest_route=\/wp\/v2\/media\/14993"}],"wp:attachment":[{"href":"https:\/\/en.elo.edu.vn\/index.php?rest_route=%2Fwp%2Fv2%2Fmedia&parent=15028"}],"curies":[{"name":"wp","href":"https:\/\/api.w.org\/{rel}","templated":true}]}}