
{"id":18319,"date":"2023-08-03T16:58:51","date_gmt":"2023-08-03T09:58:51","guid":{"rendered":"https:\/\/en.elo.edu.vn\/?page_id=18319"},"modified":"2026-01-15T15:08:26","modified_gmt":"2026-01-15T08:08:26","slug":"chuong-trinh-nganh-cong-nghe-ky-thuat-cong-trinh-xay-dung","status":"publish","type":"page","link":"https:\/\/en.elo.edu.vn\/?page_id=18319","title":{"rendered":"Online Bachelor Degree&#8217;s Program <br>In Civil Engineering"},"content":{"rendered":"<p>[vc_row][vc_column width=&#8221;7\/12&#8243;][vc_empty_space height=&#8221;50px&#8221; el_class=&#8221;vc_hidden-xs vc_hidden-sm&#8221;][vc_empty_space height=&#8221;40px&#8221;]<div class=\"elo-heading no-margin\">INTRODUCTION<\/div>[vc_column_text el_class=&#8221;elo-text-block&#8221;]<\/p>\n<div>\n<p>Ho Chi Minh City Open University&#8217;s E-Learning Program in Civil Engineering trains students to be engineers with professional knowledge and capacity in civil and industrial construction engineering in the country&#8217;s development and globalization trends.<\/p>\n<p>The program provides students with theoretical and practical knowledge in design, construction, and project management to solve construction problems with economic and technical efficiency. In particular, the program emphasizes applying technology in construction engineering in analyzing, designing, and choosing materials, deploying construction drawings, and organizing the construction for civil and industrial works with national quality standards.<\/p>\n<p>Graduates have capacities for analyzing and designing the structure of buildings, public works, and factories; analyzing, designing, and selecting construction methods; selecting technical methods; organizing construction and project management.<\/p>\n<\/div>\n<h4>Admission requirements<\/h4>\n<p>To enroll in the program, applicants have to meet either of the two admission requirements as follows:<\/p>\n<ul>\n<li>+ Holding a high school diploma in the form of formal education or continuing education or having graduated from secondary school.<\/li>\n<li>+ Holding an intermediate degree but have not yet graduated from a high school must be recognized as having completed high school subjects as prescribed.<\/li>\n<li>+ Holding a bachelor&#8217;s degree in another major (be exempt from the equivalent credits).<\/li>\n<\/ul>\n<h4><\/h4>\n<h4>Degree Credibility<\/h4>\n<p>The engineer&#8217;s degree awarded by Ho Chi Minh City Open University is in the national qualification system, and its validity fulfills the postgraduate admission or job recruitment.[\/vc_column_text][vc_empty_space height=&#8221;60px&#8221; el_class=&#8221;vc_hidden-xs vc_hidden-sm&#8221;][\/vc_column][vc_column width=&#8221;5\/12&#8243;]<div class=\"elo-course \"><h2 class=\"elo-course__title\">COURSE INFORMATION<\/h2><div class=\"elo-course__items\"><div class=\"elo-course__item\"><h4 class=\"elo-course__label\">COURSE<\/h4><div class=\"elo-course__value\">CIVIL ENGINEERING<\/div><\/div><div class=\"elo-course__item\"><h4 class=\"elo-course__label\">Total of subjects<\/h4><div class=\"elo-course__value\">63 subjects<\/div><\/div><div class=\"elo-course__item\"><h4 class=\"elo-course__label\">Total of credits<\/h4><div class=\"elo-course__value\">155 credits<\/div><\/div><div class=\"elo-course__item\"><h4 class=\"elo-course__label\">Type of Degree<\/h4><div class=\"elo-course__value\">Engineer<\/div><\/div><div class=\"elo-course__item\"><h4 class=\"elo-course__label\">Regular Duration<\/h4><div class=\"elo-course__value\">At least 4 years<\/div><\/div><\/div><\/div>[vc_empty_space height=&#8221;40px&#8221;][\/vc_column][\/vc_row][vc_row bg_type=&#8221;image&#8221; parallax_style=&#8221;vcpb-default&#8221; bg_image_new=&#8221;id^16468|url^https:\/\/elo.edu.vn\/wp-content\/uploads\/2021\/06\/nganh-marketing-banner-1.jpg|caption^null|alt^null|title^nganh-marketing-banner-1|description^null&#8221; bg_image_repeat=&#8221;no-repeat&#8221; bg_override=&#8221;full&#8221; el_class=&#8221;elo-content-box-single-image&#8221;][vc_column][vc_row_inner][vc_column_inner][vc_empty_space height=&#8221;25px&#8221; el_class=&#8221;vc_hidden-xs vc_hidden-sm&#8221;][vc_empty_space height=&#8221;30px&#8221;]<div class=\"elo-heading color-white text-center\">L\u1ee2I \u00cdCH<\/div>[\/vc_column_inner][\/vc_row_inner][vc_row_inner][vc_column_inner width=&#8221;1\/2&#8243;]<div class=\"elo-content-box--withImage \"><div class=\"elo-content-box-image\"><img src=\"https:\/\/en.elo.edu.vn\/wp-content\/uploads\/2021\/06\/gan-voi-nghe-nghiep-viec-lam.jpg\" \/><\/div><div class=\"elo-content\"><h4>Tremendous job opportunities and brilliant careers<\/h4>Graduates can apply for jobs: construction engineer, construction supervisor, structural designer, occupational safety and health administrator, quality control and assurance supervisor, internal supervisor, project management specialist, construction investment specialist, and salesman in construction.<div class=\"vc_empty_space vc_hidden-xs vc_hidden-sm\" style=\"height: 0px\"><span class=\"vc_empty_space_inner\"><\/span><\/div><\/div><\/div>[\/vc_column_inner][vc_column_inner width=&#8221;1\/2&#8243;][vc_empty_space height=&#8221;30px&#8221; el_class=&#8221;vc_hidden-sm vc_hidden-md vc_hidden-lg&#8221;]<div class=\"elo-content-box--withImage \"><div class=\"elo-content-box-image\"><img src=\"https:\/\/en.elo.edu.vn\/wp-content\/uploads\/2021\/06\/phuong-thuc-hoc-linh-hoat.jpg\" \/><\/div><div class=\"elo-content\"><h4>A learning method with a high level of convenience and interactiveness<\/h4>90% of the program content is delivered via the Internet. Students actively choose suitable places, times, and schedules for their studies. They learn in the online environment of the ELOLMS system with abundant and qualified materials.<div class=\"vc_empty_space vc_hidden-xs vc_hidden-sm\" style=\"height: 0px\"><span class=\"vc_empty_space_inner\"><\/span><\/div><\/div><\/div><div class=\"elo-content-box--withImage \"><div class=\"elo-content-box-image\"><img src=\"https:\/\/en.elo.edu.vn\/wp-content\/uploads\/2021\/06\/ho-tro-tu-giang-vien.jpg\" \/><\/div><div class=\"elo-content\"><h4>E-Learning with lecturers and support from student services<\/h4>The E-Class model combined with forums facilitates discussions between students with their lecturers and classmates to gain knowledge and practical experience. The ELOSUPPORT and SISOU systems are available to receive and solve students&#8217; problems timely.<div class=\"vc_empty_space vc_hidden-xs vc_hidden-sm\" style=\"height: 26px\"><span class=\"vc_empty_space_inner\"><\/span><\/div><\/div><\/div><div class=\"elo-content-box--withImage \"><div class=\"elo-content-box-image\"><img src=\"https:\/\/en.elo.edu.vn\/wp-content\/uploads\/2021\/06\/hoc-phi-hop-ly.jpg\" \/><\/div><div class=\"elo-content\"><h4>Reasonable Tuition<\/h4>The average tuition is 600,000\/credit and is paid each semester according to the number of courses registered. Students are provided with learning materials and access to free-of-charge learning resources.<div class=\"vc_empty_space vc_hidden-xs vc_hidden-sm\" style=\"height: 0px\"><span class=\"vc_empty_space_inner\"><\/span><\/div><\/div><\/div>[\/vc_column_inner][\/vc_row_inner][vc_row_inner][vc_column_inner][vc_empty_space height=&#8221;50px&#8221; el_class=&#8221;vc_hidden-xs vc_hidden-sm&#8221;][vc_empty_space height=&#8221;50px&#8221;][\/vc_column_inner][\/vc_row_inner][\/vc_column][\/vc_row][vc_row bg_type=&#8221;image&#8221; parallax_style=&#8221;vcpb-default&#8221; bg_image_new=&#8221;id^16477|url^https:\/\/elo.edu.vn\/wp-content\/uploads\/2021\/06\/nganh-marketing-banner-2.png|caption^null|alt^null|title^nganh-marketing-banner-2|description^null&#8221; bg_image_repeat=&#8221;no-repeat&#8221; bg_image_size=&#8221;contain&#8221; bg_image_posiiton=&#8221;bottom left&#8221; bg_override=&#8221;full&#8221; el_class=&#8221;elo-content-box-single-image&#8221;][vc_column][\/vc_column][\/vc_row][vc_row][vc_column][vc_empty_space height=&#8221;50px&#8221; el_class=&#8221;vc_hidden-xs vc_hidden-sm&#8221;][\/vc_column][\/vc_row][vc_row][vc_column width=&#8221;1\/2&#8243;][vc_single_image image=&#8221;16478&#8243; img_size=&#8221;full&#8221; css=&#8221;.vc_custom_1624002758955{padding-right: 40px !important;}&#8221; el_class=&#8221;vc_hidden-xs&#8221;][\/vc_column][vc_column width=&#8221;1\/2&#8243;]<div class=\"elo-heading \">THE ACADEMIC PROGRAM<\/div>[vc_column_text el_class=&#8221;elo-content-marketing&#8221;]The Online Bachelor Degree&#8217;s Program in Civil Engineering encompasses a comprehensive curriculum equivalent to that of a regular university program but is designed with a professional-oriented approach. The entire program consists of 63 courses, totaling 153 credits, delivered over 18 semesters with a regular study pace. Learners have the option to intensify their studies to shorten the duration by registering for additional courses.[\/vc_column_text][\/vc_column][vc_column][vc_empty_space height=&#8221;60px&#8221; el_class=&#8221;vc_hidden-xs vc_hidden-sm&#8221;][\/vc_column][\/vc_row][vc_row bg_type=&#8221;grad&#8221; bg_override=&#8221;full&#8221; bg_grad=&#8221;background: url(data:image\/svg+xml;base64,PHN2ZyB4bWxucz0iaHR0cDovL3d3dy53My5vcmcvMjAwMC9zdmciPjxkZWZzPjxsaW5lYXJHcmFkaWVudCBpZD0iZ3JhZGllbnQiIHgxPSIwJSIgeTE9IjAlIiB4Mj0iMCUiIHkyPSIxMDAlIj48c3RvcCBvZmZzZXQ9IjAlIiBzdHlsZT0ic3RvcC1jb2xvcjojRTZGMkY2OyIgLz48c3RvcCBvZmZzZXQ9IjEwMCUiIHN0eWxlPSJzdG9wLWNvbG9yOiNGNkVCRTY7IiAvPjwvbGluZWFyR3JhZGllbnQ+PC9kZWZzPjxyZWN0IGZpbGw9InVybCgjZ3JhZGllbnQpIiBoZWlnaHQ9IjEwMCUiIHdpZHRoPSIxMDAlIiAvPjwvc3ZnPg==);background: -webkit-gradient(linear, left top, left bottom, color-stop(0%, #E6F2F6), color-stop(100%, #F6EBE6));background: -moz-linear-gradient(left,#E6F2F6 0%,#F6EBE6 100%);background: -webkit-linear-gradient(left,#E6F2F6 0%,#F6EBE6 100%);background: -o-linear-gradient(left,#E6F2F6 0%,#F6EBE6 100%);background: -ms-linear-gradient(left,#E6F2F6 0%,#F6EBE6 100%);background: linear-gradient(left,#E6F2F6 0%,#F6EBE6 100%);&#8221;][vc_column][vc_empty_space height=&#8221;25px&#8221; el_class=&#8221;vc_hidden-xs vc_hidden-sm&#8221;][vc_empty_space height=&#8221;30px&#8221; el_class=&#8221;vc_hidden-xs vc_hidden-sm&#8221;]<div class=\"elo-heading text-center\">THE ACADEMIC PROGRAM CAN BE SUMMARIZED AS FOLLOWS:<\/div>[vc_empty_space height=&#8221;10px&#8221; el_class=&#8221;vc_hidden-xs vc_hidden-sm&#8221;][vc_tta_accordion active_section=&#8221;1&#8243; el_class=&#8221;elo-custom&#8221;][vc_tta_section title=&#8221;Semester 01&#8243; tab_id=&#8221;1623844431039-4ae45909-95ac&#8221;][vc_row_inner][vc_column_inner][vc_column_text]1. Analytics<br \/>\n2. Advanced English 1<br \/>\n3. Technical Drawing in Construction<br \/>\n4. Introduction to Civil Engineering[\/vc_column_text][\/vc_column_inner][\/vc_row_inner][\/vc_tta_section][vc_tta_section title=&#8221;Semester 02&#8243; tab_id=&#8221;1655710982414-28ea4243-68d3&#8243;][vc_row_inner][vc_column_inner][vc_column_text]5. Advanced English 2<br \/>\n6. Fundamental Informatics<br \/>\n7. Linear Algebra<br \/>\n8. Fluid Mechanics<br \/>\n9. Experimental Fluid Mechanics[\/vc_column_text][\/vc_column_inner][\/vc_row_inner][\/vc_tta_section][vc_tta_section title=&#8221;Semester 03&#8243; tab_id=&#8221;1655711000428-d16f9a72-c17c&#8221;][vc_row_inner][vc_column_inner][vc_column_text]10. Advanced English 3<br \/>\n11. Mechanics of Materials 1<br \/>\n12. Engineering Geology + Practice<br \/>\n13. Marxist-Leninist phylosophy[\/vc_column_text][\/vc_column_inner][\/vc_row_inner][\/vc_tta_section][vc_tta_section title=&#8221;Semester 04&#8243; tab_id=&#8221;1655710998687-2aef1e0f-1522&#8243;][vc_row_inner][vc_column_inner][vc_column_text]14. Advanced English 4<br \/>\n15. Electives in Knowledge of Economics, Law and Social Sciences<br \/>\n16. Mechanics of Materials 2<br \/>\n17. Mechanics of Materials: Laboratory Experiments[\/vc_column_text][\/vc_column_inner][\/vc_row_inner][\/vc_tta_section][vc_tta_section title=&#8221;Semester 05&#8243; tab_id=&#8221;1655710998191-f0566f0a-9c56&#8243;][vc_row_inner][vc_column_inner][vc_column_text]18. Electives in Knowledge of Economics, Law and Social Sciences<br \/>\n19. Advanced English 5<br \/>\n20. Construction Surveying<br \/>\n21. Construction Surveying: Practice[\/vc_column_text][\/vc_column_inner][\/vc_row_inner][\/vc_tta_section][vc_tta_section title=&#8221;Semester 06&#8243; tab_id=&#8221;1655710997704-eba3f487-620e&#8221;][vc_row_inner][vc_column_inner][vc_column_text]22. Structural Mechanics<br \/>\n23. Principles of Management<br \/>\n24. Marxist-Leninist Political Economics<br \/>\n25. Elective Course in Specialized Knowledge 1: Civil Architecture[\/vc_column_text][\/vc_column_inner][\/vc_row_inner][\/vc_tta_section][vc_tta_section title=&#8221;Semester 07&#8243; tab_id=&#8221;1655710997150-bd43818b-c2da&#8221;][vc_row_inner][vc_column_inner][vc_column_text]26. Building Materials<br \/>\n27. Building Materials: Laboratory experiments<br \/>\n28. Soil Mechanics<br \/>\n29. Soil Mechanics: Laboratory Experiments[\/vc_column_text][\/vc_column_inner][\/vc_row_inner][\/vc_tta_section][vc_tta_section title=&#8221;Semester 08&#8243; tab_id=&#8221;1655710996701-aaeaa668-ac1a&#8221;][vc_row_inner][vc_column_inner][vc_column_text]30. Soil Mechanics: Laboratory Experiments<br \/>\n31. Reinforced Concrete Structures 1<br \/>\n32. Steel Structures 1<br \/>\n33. Elective Course in Supplementary Knowledge 1: Civil Architecture[\/vc_column_text][\/vc_column_inner][\/vc_row_inner][\/vc_tta_section][vc_tta_section title=&#8221;Semester 09&#8243; tab_id=&#8221;1655710996270-dc317140-0463&#8243;][vc_row_inner][vc_column_inner][vc_column_text]34. Reinforced Concrete Structures: Project 1<br \/>\n35. Reinforced Concrete Structures 2<br \/>\n36. Elective Course in Supplementary Knowledge 2:Drainage System of Civil and Industrial Construction<br \/>\n37. Construction Equipment and Safety[\/vc_column_text][\/vc_column_inner][\/vc_row_inner][\/vc_tta_section][vc_tta_section title=&#8221;Semester 10&#8243; tab_id=&#8221;1655710995749-b4e3dce9-6e21&#8243;][vc_row_inner][vc_column_inner][vc_column_text]38. Elective Course in Specialized Knowledge 11: Urban Planning<br \/>\n39. History of Vietnamese communist party<br \/>\n40. Elective Course in Specialized Knowledge 9: Principles of Architectural Composition.<br \/>\n41. Elective Course in Specialized Knowledge 8: Construction Economics[\/vc_column_text][\/vc_column_inner][\/vc_row_inner][\/vc_tta_section][vc_tta_section title=&#8221;Semester 11&#8243; tab_id=&#8221;1655710995209-9a2976a4-b5ee&#8221;][vc_row_inner][vc_column_inner][vc_column_text]42. Steel Structures 2<br \/>\n43. Construction Engineering Methods<br \/>\n44. Elective Course in Specialized Knowledge 3: Finite Element Method<br \/>\n45. Elective Course in Specialized Knowledge 4: Fundamentals of Construction Law[\/vc_column_text][\/vc_column_inner][\/vc_row_inner][\/vc_tta_section][vc_tta_section title=&#8221;Semester 12&#8243; tab_id=&#8221;1655710992436-8eeea610-0687&#8243;][vc_row_inner][vc_column_inner][vc_column_text]46. Steel Structures 2<br \/>\n47. Foundation Design<br \/>\n48. Elective Course in Specialized Knowledge 6: Estimation in Construction<br \/>\n49. Elective Course[\/vc_column_text][\/vc_column_inner][\/vc_row_inner][\/vc_tta_section][vc_tta_section title=&#8221;Semester 13&#8243; tab_id=&#8221;1710302181385-a54eec9f-0607&#8243;][vc_column_text]50. Ho Chi Minh&#8217;s Ideology<br \/>\n51. Project Planning &amp; Scheduling<br \/>\n52. Elective Course in Specialized Knowledge 7: Reinforced Concrete Structures 3<br \/>\n53. Foundation Design: Project[\/vc_column_text][\/vc_tta_section][vc_tta_section title=&#8221;Semester 14&#8243; tab_id=&#8221;1710302587846-34b8a262-8f3c&#8221;][vc_column_text]54. Engineering Internship[\/vc_column_text][\/vc_tta_section][vc_tta_section title=&#8221;Semester 15&#8243; tab_id=&#8221;1710302616736-57a7a7e9-95f9&#8243;][vc_column_text]55. Reinforced Concrete Structures: Project 2<br \/>\n56. Deep Excavation<br \/>\n57. Soft Ground Improvement<br \/>\n58. Project Appraisal for Construction[\/vc_column_text][\/vc_tta_section][vc_tta_section title=&#8221;Semester 16&#8243; tab_id=&#8221;1710302641084-e628d45e-8ed6&#8243;][vc_column_text]59. High-rise Structural Systems<br \/>\n60. Application of computer in Civil Engineeing<br \/>\n61. Project Planning &amp; Scheduling case study[\/vc_column_text][\/vc_tta_section][vc_tta_section title=&#8221;Semester 17&#8243; tab_id=&#8221;1710302665660-f36a2e14-b0ba&#8221;][vc_column_text]62. Internship Training[\/vc_column_text][\/vc_tta_section][vc_tta_section title=&#8221;Semester 18&#8243; tab_id=&#8221;1710302688972-7a01e930-7437&#8243;][vc_column_text]63. Thesis[\/vc_column_text][\/vc_tta_section][\/vc_tta_accordion][vc_raw_html]JTNDZGl2JTIwc3R5bGUlM0QlMjJ0ZXh0LWFsaWduJTNBJTIwcmlnaHQlM0IlMjBmb250LXNpemUlM0ElMjAyNXB4JTNCJTIwcGFkZGluZy10b3AlM0ElMjAyMHB4JTNCJTIyJTNFU2VlJTIwQWNhZGVtaWMlMjBQcm9ncmFtJTIwRGV0YWlsJTIwJTNDYSUyMGhyZWYlM0QlMjJodHRwcyUzQSUyRiUyRmRyaXZlLmdvb2dsZS5jb20lMkZkcml2ZSUyRmZvbGRlcnMlMkYxNHBzQkR2XzhOLXp6NzJsUlE4QXNrVGFYN3RZaXBTYkolM0Z1c3AlM0Rkcml2ZV9saW5rJTIyJTIwdGFyZ2V0JTNEJTIyX2JsYW5rJTIyJTIwc3R5bGUlM0QlMjJjb2xvciUzQWJsdWUlM0IlMjIlM0VoZXJlJTNDJTJGYSUzRS4lMjAlM0MlMkZkaXYlM0U=[\/vc_raw_html][vc_empty_space height=&#8221;50px&#8221; el_class=&#8221;vc_hidden-xs vc_hidden-sm&#8221;][vc_empty_space height=&#8221;30px&#8221;][\/vc_column][\/vc_row][vc_row bg_type=&#8221;image&#8221; parallax_style=&#8221;vcpb-default&#8221; bg_image_new=&#8221;id^16479|url^https:\/\/elo.edu.vn\/wp-content\/uploads\/2021\/06\/nganh-marketing-banner-4.jpg|caption^null|alt^null|title^nganh-marketing-banner-4|description^null&#8221; bg_image_repeat=&#8221;no-repeat&#8221; bg_image_size=&#8221;initial&#8221; bg_image_posiiton=&#8221;right center&#8221; bg_override=&#8221;full&#8221; el_class=&#8221;elo-row-marketing&#8221;][vc_column][vc_empty_space height=&#8221;25px&#8221; el_class=&#8221;vc_hidden-xs vc_hidden-sm&#8221;][vc_empty_space height=&#8221;30px&#8221;]<div class=\"elo-heading text-center\">Y\u00eau c\u1ea7u<\/div>[vc_single_image image=&#8221;16480&#8243; img_size=&#8221;full&#8221; el_class=&#8221;elo-image-marketing&#8221;]<div class=\"ult-content-box-container elo-border-radius\" >\t\t<div class=\"ult-content-box\" style=\"background-color:#ffffff;box-shadow: 4px 0px 20px 0px rgba(0,0,0,0.07) ;border-style:none;padding:30px;-webkit-transition: all 700ms ease;-moz-transition: all 700ms ease;-ms-transition: all 700ms ease;-o-transition: all 700ms ease;transition: all 700ms ease;\"  data-hover_bg_color=\"#ffffff\"  data-hover_box_shadow=\" 4px 0px 20px 0px rgba(0,0,0,0.07) \"     data-bg=\"#ffffff\"  data-border_color=\"\" >[vc_column_text]<\/p>\n<h4>Admission requirements:<\/h4>\n<p>To enroll in the program, applicants have to meet either of the two admission requirements as follows:<\/p>\n<p style=\"color: #21212b;\"><span style=\"color: #fb5649;\">+<\/span> Holding a high school diploma in the form of formal education or continuing education or having graduated from secondary school.<br \/>\n<span style=\"color: #fb5649;\">+<\/span> Holding an intermediate degree but have not yet graduated from a high school must be recognized as having completed high school subjects as prescribed.<br \/>\n<span style=\"color: #fb5649;\">+<\/span> Holding a bachelor&#8217;s degree in another major (be exempt from the equivalent credits).[\/vc_column_text]\t\t<\/div><\/div>[vc_empty_space height=&#8221;20px&#8221;]<div class=\"ult-content-box-container elo-border-radius\" >\t\t<div class=\"ult-content-box\" style=\"background-color:#ffffff;box-shadow: 4px 0px 20px 0px rgba(0,0,0,0.07) ;border-style:none;padding:30px;-webkit-transition: all 700ms ease;-moz-transition: all 700ms ease;-ms-transition: all 700ms ease;-o-transition: all 700ms ease;transition: all 700ms ease;\"  data-hover_bg_color=\"#ffffff\"  data-hover_box_shadow=\" 4px 0px 20px 0px rgba(0,0,0,0.07) \"     data-bg=\"#ffffff\"  data-border_color=\"\" >[vc_column_text]<\/p>\n<h4>Technology Requirements<\/h4>\n<p>The necessary conditions for effective learning: Most of the content can be delivered through mobile devices. However, students must use a desktop\/laptop computer to complete assignments.[\/vc_column_text]\t\t<\/div><\/div>[vc_empty_space height=&#8221;30px&#8221; el_class=&#8221;vc_hidden-xs vc_hidden-sm&#8221;][vc_empty_space height=&#8221;30px&#8221;]<div class=\" vc_custom_1623914563047 ubtn-ctn-center elo-button popup-button-form\"><button type=\"button\" id=\"ubtn-4696\"  class=\"ubtn ult-adjust-bottom-margin ult-responsive ubtn-custom ubtn-no-hover-bg  none  ubtn-center elo-button popup-button-form  tooltip-6a072505d8b38\"  data-hover=\"#ffffff\" data-border-color=\"\" data-bg=\"linear-gradient(to right, #fc720c, #f02127)\" data-hover-bg=\"linear-gradient(to right, #f02127, #fc720c)\" data-border-hover=\"\" data-shadow-hover=\"\" data-shadow-click=\"none\" data-shadow=\"\" data-shd-shadow=\"\"  data-ultimate-target='#ubtn-4696'  data-responsive-json-new='{\"font-size\":\"desktop:18px;\",\"line-height\":\"desktop:20px;\"}'  style=\"font-weight:bold;width:270px;min-height:56px;padding:px px;border:none;background: linear-gradient(to right, #fc720c, #f02127);color: #ffffff;\"><span class=\"ubtn-hover\" style=\"background-color:#f02127\"><\/span><span class=\"ubtn-data ubtn-text \" >\u0110\u0102NG K\u00dd NH\u1eacN T\u01af V\u1ea4N<\/span><\/button><\/div>[\/vc_column][\/vc_row][vc_row][vc_column][vc_empty_space height=&#8221;25px&#8221; el_class=&#8221;vc_hidden-xs vc_hidden-sm&#8221;][\/vc_column][\/vc_row]<\/p>\n","protected":false},"excerpt":{"rendered":"<p>[vc_row][vc_column width=&#8221;7\/12&#8243;][vc_empty_space height=&#8221;50px&#8221; el_class=&#8221;vc_hidden-xs vc_hidden-sm&#8221;][vc_empty_space height=&#8221;40px&#8221;][vc_column_text el_class=&#8221;elo-text-block&#8221;] Ho Chi Minh City Open University&#8217;s E-Learning Program in Civil Engineering trains students to be engineers with professional knowledge and capacity in civil and industrial construction engineering in the country&#8217;s development and globalization trends. The program provides students with theoretical and practical knowledge in design, construction, and project [&hellip;]<\/p>\n","protected":false},"author":1,"featured_media":18322,"parent":0,"menu_order":0,"comment_status":"closed","ping_status":"closed","template":"","meta":[],"_links":{"self":[{"href":"https:\/\/en.elo.edu.vn\/index.php?rest_route=\/wp\/v2\/pages\/18319"}],"collection":[{"href":"https:\/\/en.elo.edu.vn\/index.php?rest_route=\/wp\/v2\/pages"}],"about":[{"href":"https:\/\/en.elo.edu.vn\/index.php?rest_route=\/wp\/v2\/types\/page"}],"author":[{"embeddable":true,"href":"https:\/\/en.elo.edu.vn\/index.php?rest_route=\/wp\/v2\/users\/1"}],"replies":[{"embeddable":true,"href":"https:\/\/en.elo.edu.vn\/index.php?rest_route=%2Fwp%2Fv2%2Fcomments&post=18319"}],"version-history":[{"count":25,"href":"https:\/\/en.elo.edu.vn\/index.php?rest_route=\/wp\/v2\/pages\/18319\/revisions"}],"predecessor-version":[{"id":18809,"href":"https:\/\/en.elo.edu.vn\/index.php?rest_route=\/wp\/v2\/pages\/18319\/revisions\/18809"}],"wp:featuredmedia":[{"embeddable":true,"href":"https:\/\/en.elo.edu.vn\/index.php?rest_route=\/wp\/v2\/media\/18322"}],"wp:attachment":[{"href":"https:\/\/en.elo.edu.vn\/index.php?rest_route=%2Fwp%2Fv2%2Fmedia&parent=18319"}],"curies":[{"name":"wp","href":"https:\/\/api.w.org\/{rel}","templated":true}]}}