
{"id":18335,"date":"2023-08-03T17:20:50","date_gmt":"2023-08-03T10:20:50","guid":{"rendered":"https:\/\/en.elo.edu.vn\/?page_id=18335"},"modified":"2026-01-15T15:11:47","modified_gmt":"2026-01-15T08:11:47","slug":"chuong-trinh-cu-nhan-truc-tuyen-nganh-xa-hoi-hoc","status":"publish","type":"page","link":"https:\/\/en.elo.edu.vn\/?page_id=18335","title":{"rendered":"Online Bachelor Degree&#8217;s Program <br>In Sociology"},"content":{"rendered":"<p>[vc_row][vc_column width=&#8221;7\/12&#8243;][vc_empty_space height=&#8221;50px&#8221; el_class=&#8221;vc_hidden-xs vc_hidden-sm&#8221;][vc_empty_space height=&#8221;40px&#8221;]<div class=\"elo-heading no-margin\">INTRODUCTION<\/div>[vc_column_text el_class=&#8221;elo-text-block&#8221;]<\/p>\n<div>\n<p>The Open University of Ho Chi Minh City&#8217;s Online Bachelor Degree in Sociology equips learners with political qualities, a sense of social responsibility, and sufficient knowledge and professional competence in the social field to develop career in the context of integration and development of the country.<\/p>\n<p>In terms of knowledge, the program equips learners with theoretical and practical knowledge in politics, law, economics, and social sciences and humanities for the interpretation and analysis of problems in work and life. In addition, the program curriculum provides complementary knowledge, communication skills, and professional practice skills to solve professional problems in the field of sociology, organizational sociology and human resource management.<\/p>\n<p>In terms of skills, graduates have the necessary cognitive ability, professional practice skills and communication and behavioral skills to solve complex professional problems in the field of sociology, organization and human resource management in order to apply for good positions in state organizations, enterprises and get promotions in career.<\/p>\n<\/div>\n<h4>Admission requirements<\/h4>\n<p>To study this program, learners must meet the admission requirements:<\/p>\n<ul>\n<li>+ Having a high school diploma through regular education or continuing education programs, or having completed intermediate education<\/li>\n<li>+ Those who have completed intermediate education but do not have a high school diploma, you must study and be officially recognized as having completed the high school subjects as prescribed.<\/li>\n<li>+ Having graduated from a different university major (eligible for course exemptions).<\/li>\n<\/ul>\n<h4><\/h4>\n<h4>Degree Credibility<\/h4>\n<p>The Online Bachelor\u2019s Degree Program in Sociology belongs to the national degree system. Holders of this kind of degree are allowed to further their studies.[\/vc_column_text][vc_empty_space height=&#8221;60px&#8221; el_class=&#8221;vc_hidden-xs vc_hidden-sm&#8221;][\/vc_column][vc_column width=&#8221;5\/12&#8243;]<div class=\"elo-course \"><h2 class=\"elo-course__title\">COURSE INFORMATION<\/h2><div class=\"elo-course__items\"><div class=\"elo-course__item\"><h4 class=\"elo-course__label\">COURSE<\/h4><div class=\"elo-course__value\">SOCIOLOGY<\/div><\/div><div class=\"elo-course__item\"><h4 class=\"elo-course__label\">Total of subjects<\/h4><div class=\"elo-course__value\">43 subjects<\/div><\/div><div class=\"elo-course__item\"><h4 class=\"elo-course__label\">Total of credits<\/h4><div class=\"elo-course__value\">122 credits<\/div><\/div><div class=\"elo-course__item\"><h4 class=\"elo-course__label\">Type of Degree<\/h4><div class=\"elo-course__value\">Bachelor<\/div><\/div><div class=\"elo-course__item\"><h4 class=\"elo-course__label\">Regular Duration<\/h4><div class=\"elo-course__value\">At least 3.5 years<\/div><\/div><\/div><\/div>[vc_empty_space height=&#8221;40px&#8221;][\/vc_column][\/vc_row][vc_row bg_type=&#8221;image&#8221; parallax_style=&#8221;vcpb-default&#8221; bg_image_new=&#8221;id^16468|url^https:\/\/elo.edu.vn\/wp-content\/uploads\/2021\/06\/nganh-marketing-banner-1.jpg|caption^null|alt^null|title^nganh-marketing-banner-1|description^null&#8221; bg_image_repeat=&#8221;no-repeat&#8221; bg_override=&#8221;full&#8221; el_class=&#8221;elo-content-box-single-image&#8221;][vc_column][vc_row_inner][vc_column_inner][vc_empty_space height=&#8221;25px&#8221; el_class=&#8221;vc_hidden-xs vc_hidden-sm&#8221;][vc_empty_space height=&#8221;30px&#8221;]<div class=\"elo-heading color-white text-center\">BENEFITS<\/div>[\/vc_column_inner][\/vc_row_inner][vc_row_inner][vc_column_inner width=&#8221;1\/2&#8243;]<div class=\"elo-content-box--withImage \"><div class=\"elo-content-box-image\"><img src=\"https:\/\/en.elo.edu.vn\/wp-content\/uploads\/2021\/06\/gan-voi-nghe-nghiep-viec-lam.jpg\" \/><\/div><div class=\"elo-content\"><h4>Associated with Career<\/h4>After graduation, learners can take on many different positions such as policy and social specialists at state agencies; employees human resources and labor, market research, customer management, event organization and communication at the enterprise; project coordinator and developer, policy consultant, social, community development project at NGO. After 3-5 years of working, people working in the above positions can be promoted to become project managers and directors and local managers.<div class=\"vc_empty_space vc_hidden-xs vc_hidden-sm\" style=\"height: 0px\"><span class=\"vc_empty_space_inner\"><\/span><\/div><\/div><\/div><div class=\"elo-content-box--withImage \"><div class=\"elo-content-box-image\"><img src=\"https:\/\/en.elo.edu.vn\/wp-content\/uploads\/2021\/06\/tinh-ung-dung-thuc-te-cao.jpg\" \/><\/div><div class=\"elo-content\"><h4>Pratical curriculum<\/h4>The program has many subjects and majors that support practical work such as social policy; organizational consultation; organizational sociology, mass communication, family and gender, education, urban and rural areas, labor, social project management, etc.<div class=\"vc_empty_space vc_hidden-xs vc_hidden-sm\" style=\"height: 29.5px\"><span class=\"vc_empty_space_inner\"><\/span><\/div><\/div><\/div><div class=\"elo-content-box--withImage \"><div class=\"elo-content-box-image\"><img src=\"https:\/\/en.elo.edu.vn\/wp-content\/uploads\/2021\/06\/bang-cap-gia-tri-quoc-gia.jpg\" \/><\/div><div class=\"elo-content\"><h4>Nationally Accredited Degree<\/h4>The Online Bachelor\u2019s Degree Program in Sociology belongs to the national degree system, recognized by the Ministry of Education and Training; holders of the degree can further their studies.<div class=\"vc_empty_space vc_hidden-xs vc_hidden-sm\" style=\"height: 0px\"><span class=\"vc_empty_space_inner\"><\/span><\/div><\/div><\/div>[\/vc_column_inner][vc_column_inner width=&#8221;1\/2&#8243;][vc_empty_space height=&#8221;30px&#8221; el_class=&#8221;vc_hidden-sm vc_hidden-md vc_hidden-lg&#8221;]<div class=\"elo-content-box--withImage \"><div class=\"elo-content-box-image\"><img src=\"https:\/\/en.elo.edu.vn\/wp-content\/uploads\/2021\/06\/phuong-thuc-hoc-linh-hoat.jpg\" \/><\/div><div class=\"elo-content\"><h4>Flexible ways of learning<\/h4>More than 90% of the program is online, allowing learners to schedule their own study time and pace. Lecture videos and exercises are always available on the LMS system for learners to study anytime, anywhere with just a smartphone, laptop, desktop computer or tablet with Internet connection.<div class=\"vc_empty_space vc_hidden-xs vc_hidden-sm\" style=\"height: 82px\"><span class=\"vc_empty_space_inner\"><\/span><\/div><\/div><\/div><div class=\"elo-content-box--withImage \"><div class=\"elo-content-box-image\"><img src=\"https:\/\/en.elo.edu.vn\/wp-content\/uploads\/2021\/06\/ho-tro-tu-giang-vien.jpg\" \/><\/div><div class=\"elo-content\"><h4>Supportive lecturers and technical officers<\/h4>100% of lecturers with Master&#8217;s and Doctoral degrees are in charge of classes, monitoring and guiding each learner. Lecturers of the courses are in charge of each learner\u2019s learning process. Also, students can exchange ideas with classmates or with their teachers via the school forum. Regarding technical problems, students can contact the school\u2019s consultancy center.<div class=\"vc_empty_space vc_hidden-xs vc_hidden-sm\" style=\"height: 0px\"><span class=\"vc_empty_space_inner\"><\/span><\/div><\/div><\/div><div class=\"elo-content-box--withImage \"><div class=\"elo-content-box-image\"><img src=\"https:\/\/en.elo.edu.vn\/wp-content\/uploads\/2021\/06\/hoc-phi-hop-ly.jpg\" \/><\/div><div class=\"elo-content\"><h4>Reasonable tuition<\/h4>The average tuition fee is 550,000 VND per credit and is paid per semester based on the number of registered courses. Students are provided with study materials and free access to educational resources.<div class=\"vc_empty_space vc_hidden-xs vc_hidden-sm\" style=\"height: 0px\"><span class=\"vc_empty_space_inner\"><\/span><\/div><\/div><\/div>[\/vc_column_inner][\/vc_row_inner][vc_row_inner][vc_column_inner][vc_empty_space height=&#8221;50px&#8221; el_class=&#8221;vc_hidden-xs vc_hidden-sm&#8221;][vc_empty_space height=&#8221;50px&#8221;][\/vc_column_inner][\/vc_row_inner][\/vc_column][\/vc_row][vc_row bg_type=&#8221;image&#8221; parallax_style=&#8221;vcpb-default&#8221; bg_image_new=&#8221;id^16477|url^https:\/\/elo.edu.vn\/wp-content\/uploads\/2021\/06\/nganh-marketing-banner-2.png|caption^null|alt^null|title^nganh-marketing-banner-2|description^null&#8221; bg_image_repeat=&#8221;no-repeat&#8221; bg_image_size=&#8221;contain&#8221; bg_image_posiiton=&#8221;bottom left&#8221; bg_override=&#8221;full&#8221; el_class=&#8221;elo-content-box-single-image&#8221;][vc_column][\/vc_column][\/vc_row][vc_row][vc_column][vc_empty_space height=&#8221;50px&#8221; el_class=&#8221;vc_hidden-xs vc_hidden-sm&#8221;][\/vc_column][\/vc_row][vc_row][vc_column width=&#8221;1\/2&#8243;][vc_single_image image=&#8221;16478&#8243; img_size=&#8221;full&#8221; css=&#8221;.vc_custom_1624002758955{padding-right: 40px !important;}&#8221; el_class=&#8221;vc_hidden-xs&#8221;][\/vc_column][vc_column width=&#8221;1\/2&#8243;]<div class=\"elo-heading \">THE ACADEMIC PROGRAM<\/div>[vc_column_text el_class=&#8221;elo-content-marketing&#8221;]The program curriculum of the Sociology program includes all subjects equivalent to that of the face-to-face undergraduate program of the same major. It is designed in the practical orientation. The whole program consisting if 44 courses with 124 credits, implemented within 11 semesters at a normal study pace. Learners can slow down or accelerate their study, but they have to follow the compulsory frame in following order:<\/p>\n<ul>\n<li>Certificate of General Social Sciences<\/li>\n<li>Ceritificate of Sociology Foundation<\/li>\n<li>Certificate of Social Issues Analysis<\/li>\n<li>Certificate of Sociology of Organization and Human Resource Management<\/li>\n<li>Certificate of Sociology Practice<\/li>\n<li>Bachelor of Sociology<\/li>\n<\/ul>\n<p>[\/vc_column_text][\/vc_column][vc_column][vc_empty_space height=&#8221;60px&#8221; el_class=&#8221;vc_hidden-xs vc_hidden-sm&#8221;][\/vc_column][\/vc_row][vc_row bg_type=&#8221;grad&#8221; bg_override=&#8221;full&#8221; bg_grad=&#8221;background: url(data:image\/svg+xml;base64,PHN2ZyB4bWxucz0iaHR0cDovL3d3dy53My5vcmcvMjAwMC9zdmciPjxkZWZzPjxsaW5lYXJHcmFkaWVudCBpZD0iZ3JhZGllbnQiIHgxPSIwJSIgeTE9IjAlIiB4Mj0iMCUiIHkyPSIxMDAlIj48c3RvcCBvZmZzZXQ9IjAlIiBzdHlsZT0ic3RvcC1jb2xvcjojRTZGMkY2OyIgLz48c3RvcCBvZmZzZXQ9IjEwMCUiIHN0eWxlPSJzdG9wLWNvbG9yOiNGNkVCRTY7IiAvPjwvbGluZWFyR3JhZGllbnQ+PC9kZWZzPjxyZWN0IGZpbGw9InVybCgjZ3JhZGllbnQpIiBoZWlnaHQ9IjEwMCUiIHdpZHRoPSIxMDAlIiAvPjwvc3ZnPg==);background: -webkit-gradient(linear, left top, left bottom, color-stop(0%, #E6F2F6), color-stop(100%, #F6EBE6));background: -moz-linear-gradient(left,#E6F2F6 0%,#F6EBE6 100%);background: -webkit-linear-gradient(left,#E6F2F6 0%,#F6EBE6 100%);background: -o-linear-gradient(left,#E6F2F6 0%,#F6EBE6 100%);background: -ms-linear-gradient(left,#E6F2F6 0%,#F6EBE6 100%);background: linear-gradient(left,#E6F2F6 0%,#F6EBE6 100%);&#8221;][vc_column][vc_empty_space height=&#8221;25px&#8221; el_class=&#8221;vc_hidden-xs vc_hidden-sm&#8221;][vc_empty_space height=&#8221;30px&#8221; el_class=&#8221;vc_hidden-xs vc_hidden-sm&#8221;]<div class=\"elo-heading text-center\">THE ACADEMIC PROGRAM CAN BE SUMMARIZED AS FOLLOWS:<\/div>[vc_empty_space height=&#8221;10px&#8221; el_class=&#8221;vc_hidden-xs vc_hidden-sm&#8221;][vc_tta_accordion active_section=&#8221;1&#8243; el_class=&#8221;elo-custom&#8221;][vc_tta_section title=&#8221;Certificate of General Social Sciences (12)&#8221; tab_id=&#8221;1623844431039-4ae45909-95ac&#8221;][vc_row_inner][vc_column_inner][vc_column_text]1. Introduction to Psychology (3)<br \/>\n2. Introduction to Anthropology (3)<br \/>\n3. Introduction to Social Work (3)<br \/>\n4. Commmunity Development[\/vc_column_text][\/vc_column_inner][\/vc_row_inner][\/vc_tta_section][vc_tta_section title=&#8221;Ceritificate of Sociology Foundation (15)&#8221; tab_id=&#8221;1623848932149-5f77ca09-3481&#8243;][vc_row_inner][vc_column_inner][vc_column_text]5. Introduction to Sociology (3)<br \/>\n6. Methods in social research (3)<br \/>\n7. Statictics in Social Science (3)<br \/>\n8. History and Theory of sociology (3)<br \/>\n9. Introduction to Social Statistics Software (3)[\/vc_column_text][\/vc_column_inner][\/vc_row_inner][\/vc_tta_section][vc_tta_section title=&#8221;Certificate of Social Issues Analysis (19)&#8221; tab_id=&#8221;1623848944224-baa41066-399a&#8221;][vc_row_inner][vc_column_inner][vc_column_text]10. Sociology of Mass Communications (3)<br \/>\n11. Sociology of Lifestyles (2)<br \/>\n12. Rural Sociology (2)<br \/>\n13. Sociology of Development (2)<br \/>\n14. Sociology of Education (3)<br \/>\n15. Sociology of the Family and Gender (3)<br \/>\n16. Sociology of Deviance (2)<br \/>\n17. Urban Sociology (2)[\/vc_column_text][\/vc_column_inner][\/vc_row_inner][\/vc_tta_section][vc_tta_section title=&#8221;Certificate of Sociology of Organization and Human Resource Management (30)&#8221; tab_id=&#8221;1623848962699-cf0aaeca-16a6&#8243;][vc_row_inner][vc_column_inner][vc_column_text]18. Human Resource Management (3)<br \/>\n19. Organizational Behavior (3)<br \/>\n20. Social Project Management (3)<br \/>\n21. Sociology of Organizations (3)<br \/>\n22. Social Policy (3)<br \/>\n23. Principles of Management (3)<br \/>\n24. Principles of Marketing (3)<br \/>\n25. Counselling in Organizations (3)<br \/>\n26. Sociology of Work (3)<br \/>\n27. Public Relations (3)[\/vc_column_text][\/vc_column_inner][\/vc_row_inner][\/vc_tta_section][vc_tta_section title=&#8221;Certificate of Sociology Practice (10)&#8221; tab_id=&#8221;1655712798940-6976d367-de73&#8243;][vc_row_inner][vc_column_inner][vc_column_text]28. Graduation Practice (4)<br \/>\n29. Qualitative Analysis and Using Qualitative Data Analysis Software (3)<br \/>\n30. Internship at Socio-economic Organization (3)[\/vc_column_text][\/vc_column_inner][\/vc_row_inner][\/vc_tta_section][vc_tta_section title=&#8221;Bachelor of Sociology&#8221; tab_id=&#8221;1659406050534-df037a1d-9ef4&#8243;][vc_row_inner][vc_column_inner][vc_column_text]After accumulating the mentioned certificates, students need to complete prerequisite courses to be awarded a Bachelor&#8217;s degree in Sociology. These prerequisite courses are compulsory general subjects in the bachelor&#8217;s program. Students can submit certificates for computer science and foreign language courses they have completed.<\/p>\n<p>31. Marxist &#8211; Lenixist phylosophy (3)<br \/>\n32. Marxist &#8211; Lenixist Political Economy (2)<br \/>\n33. Scientific Sociolism (2)<br \/>\n34. History of Vietnam Communist Party (2)<br \/>\n35. Ho Chi Minh Ideology (2)<br \/>\n36. Introduction to law (3)<br \/>\n37. Introduction to Economics (3)<br \/>\n38. Sociology of Migration (3)<br \/>\n39-44. Foreign Language and Informatics Courses (18)[\/vc_column_text][\/vc_column_inner][\/vc_row_inner][\/vc_tta_section][\/vc_tta_accordion][vc_raw_html]JTNDZGl2JTIwc3R5bGUlM0QlMjJ0ZXh0LWFsaWduJTNBJTIwcmlnaHQlM0IlMjBmb250LXNpemUlM0ElMjAyNXB4JTNCJTIwcGFkZGluZy10b3AlM0ElMjAyMHB4JTNCJTIyJTNFU2VlJTIwQWNhZGVtaWMlMjBQcm9ncmFtJTIwRGV0YWlsJTIwJTNDYSUyMGhyZWYlM0QlMjJodHRwcyUzQSUyRiUyRmRyaXZlLmdvb2dsZS5jb20lMkZkcml2ZSUyRmZvbGRlcnMlMkYxM1V3UmYxeThZeXV3Zmk0S0lhMnpJTWNFRVFFWXVaZGIlM0Z1c3AlM0Rkcml2ZV9saW5rJTIyJTIwdGFyZ2V0JTNEJTIyX2JsYW5rJTIyJTIwc3R5bGUlM0QlMjJjb2xvciUzQWJsdWUlM0IlMjIlM0VoZXJlJTNDJTJGYSUzRS4lMjAlM0MlMkZkaXYlM0U=[\/vc_raw_html][vc_empty_space height=&#8221;50px&#8221; el_class=&#8221;vc_hidden-xs vc_hidden-sm&#8221;][vc_empty_space height=&#8221;30px&#8221;][\/vc_column][\/vc_row][vc_row bg_type=&#8221;image&#8221; parallax_style=&#8221;vcpb-default&#8221; bg_image_new=&#8221;id^16479|url^https:\/\/elo.edu.vn\/wp-content\/uploads\/2021\/06\/nganh-marketing-banner-4.jpg|caption^null|alt^null|title^nganh-marketing-banner-4|description^null&#8221; bg_image_repeat=&#8221;no-repeat&#8221; bg_image_size=&#8221;initial&#8221; bg_image_posiiton=&#8221;right center&#8221; bg_override=&#8221;full&#8221; el_class=&#8221;elo-row-marketing&#8221;][vc_column][vc_empty_space height=&#8221;25px&#8221; el_class=&#8221;vc_hidden-xs vc_hidden-sm&#8221;][vc_empty_space height=&#8221;30px&#8221;]<div class=\"elo-heading text-center\">Y\u00eau c\u1ea7u<\/div>[vc_single_image image=&#8221;16480&#8243; img_size=&#8221;full&#8221; el_class=&#8221;elo-image-marketing&#8221;]<div class=\"ult-content-box-container elo-border-radius\" >\t\t<div class=\"ult-content-box\" style=\"background-color:#ffffff;box-shadow: 4px 0px 20px 0px rgba(0,0,0,0.07) ;border-style:none;padding:30px;-webkit-transition: all 700ms ease;-moz-transition: all 700ms ease;-ms-transition: all 700ms ease;-o-transition: all 700ms ease;transition: all 700ms ease;\"  data-hover_bg_color=\"#ffffff\"  data-hover_box_shadow=\" 4px 0px 20px 0px rgba(0,0,0,0.07) \"     data-bg=\"#ffffff\"  data-border_color=\"\" >[vc_column_text]<\/p>\n<h4>Admission requirements<\/h4>\n<p>To study this program, learners must meet the admission requirements:<\/p>\n<p style=\"color: #21212b;\"><span style=\"color: #fb5649;\">+<\/span> Having a high school diploma through regular education or continuing education programs, or having completed intermediate education<br \/>\n<span style=\"color: #fb5649;\">+<\/span> Those who have completed intermediate education but do not have a high school diploma, you must study and be officially recognized as having completed the high school subjects as prescribed.<br \/>\n<span style=\"color: #fb5649;\">+<\/span> Having graduated from a different university major (eligible for course exemptions).[\/vc_column_text]\t\t<\/div><\/div>[vc_empty_space height=&#8221;20px&#8221;]<div class=\"ult-content-box-container elo-border-radius\" >\t\t<div class=\"ult-content-box\" style=\"background-color:#ffffff;box-shadow: 4px 0px 20px 0px rgba(0,0,0,0.07) ;border-style:none;padding:30px;-webkit-transition: all 700ms ease;-moz-transition: all 700ms ease;-ms-transition: all 700ms ease;-o-transition: all 700ms ease;transition: all 700ms ease;\"  data-hover_bg_color=\"#ffffff\"  data-hover_box_shadow=\" 4px 0px 20px 0px rgba(0,0,0,0.07) \"     data-bg=\"#ffffff\"  data-border_color=\"\" >[vc_column_text]<\/p>\n<h4>Information technology requirements<\/h4>\n<p>More than 90% of learning content is delivered to students by lecturers via devices with an Internet connection. Learners need to make sure some conditions, including:<\/p>\n<p><span style=\"color: #fb5649;\">* Desktop\/Laptop<\/span><\/p>\n<p><span style=\"color: #fb5649;\">* <\/span>Students can acquire a majority of learning content on mobile devices, but doing some homework may require using a desktop or laptop.[\/vc_column_text]\t\t<\/div><\/div>[vc_empty_space height=&#8221;30px&#8221; el_class=&#8221;vc_hidden-xs vc_hidden-sm&#8221;][vc_empty_space height=&#8221;30px&#8221;]<div class=\" vc_custom_1623914563047 ubtn-ctn-center elo-button popup-button-form\"><button type=\"button\" id=\"ubtn-8421\"  class=\"ubtn ult-adjust-bottom-margin ult-responsive ubtn-custom ubtn-no-hover-bg  none  ubtn-center elo-button popup-button-form  tooltip-69ff0536ca819\"  data-hover=\"#ffffff\" data-border-color=\"\" data-bg=\"linear-gradient(to right, #fc720c, #f02127)\" data-hover-bg=\"linear-gradient(to right, #f02127, #fc720c)\" data-border-hover=\"\" data-shadow-hover=\"\" data-shadow-click=\"none\" data-shadow=\"\" data-shd-shadow=\"\"  data-ultimate-target='#ubtn-8421'  data-responsive-json-new='{\"font-size\":\"desktop:18px;\",\"line-height\":\"desktop:20px;\"}'  style=\"font-weight:bold;width:270px;min-height:56px;padding:px px;border:none;background: linear-gradient(to right, #fc720c, #f02127);color: #ffffff;\"><span class=\"ubtn-hover\" style=\"background-color:#f02127\"><\/span><span class=\"ubtn-data ubtn-text \" >\u0110\u0102NG K\u00dd NH\u1eacN T\u01af V\u1ea4N<\/span><\/button><\/div>[\/vc_column][\/vc_row][vc_row][vc_column][vc_empty_space height=&#8221;25px&#8221; el_class=&#8221;vc_hidden-xs vc_hidden-sm&#8221;][\/vc_column][\/vc_row]<\/p>\n","protected":false},"excerpt":{"rendered":"<p>[vc_row][vc_column width=&#8221;7\/12&#8243;][vc_empty_space height=&#8221;50px&#8221; el_class=&#8221;vc_hidden-xs vc_hidden-sm&#8221;][vc_empty_space height=&#8221;40px&#8221;][vc_column_text el_class=&#8221;elo-text-block&#8221;] The Open University of Ho Chi Minh City&#8217;s Online Bachelor Degree in Sociology equips learners with political qualities, a sense of social responsibility, and sufficient knowledge and professional competence in the social field to develop career in the context of integration and development of the country. In terms [&hellip;]<\/p>\n","protected":false},"author":1,"featured_media":18336,"parent":0,"menu_order":0,"comment_status":"closed","ping_status":"closed","template":"","meta":[],"_links":{"self":[{"href":"https:\/\/en.elo.edu.vn\/index.php?rest_route=\/wp\/v2\/pages\/18335"}],"collection":[{"href":"https:\/\/en.elo.edu.vn\/index.php?rest_route=\/wp\/v2\/pages"}],"about":[{"href":"https:\/\/en.elo.edu.vn\/index.php?rest_route=\/wp\/v2\/types\/page"}],"author":[{"embeddable":true,"href":"https:\/\/en.elo.edu.vn\/index.php?rest_route=\/wp\/v2\/users\/1"}],"replies":[{"embeddable":true,"href":"https:\/\/en.elo.edu.vn\/index.php?rest_route=%2Fwp%2Fv2%2Fcomments&post=18335"}],"version-history":[{"count":21,"href":"https:\/\/en.elo.edu.vn\/index.php?rest_route=\/wp\/v2\/pages\/18335\/revisions"}],"predecessor-version":[{"id":18816,"href":"https:\/\/en.elo.edu.vn\/index.php?rest_route=\/wp\/v2\/pages\/18335\/revisions\/18816"}],"wp:featuredmedia":[{"embeddable":true,"href":"https:\/\/en.elo.edu.vn\/index.php?rest_route=\/wp\/v2\/media\/18336"}],"wp:attachment":[{"href":"https:\/\/en.elo.edu.vn\/index.php?rest_route=%2Fwp%2Fv2%2Fmedia&parent=18335"}],"curies":[{"name":"wp","href":"https:\/\/api.w.org\/{rel}","templated":true}]}}