
{"id":5514,"date":"2019-01-10T08:57:04","date_gmt":"2019-01-10T08:57:04","guid":{"rendered":"http:\/\/localhost\/elo-admin\/?page_id=5514"},"modified":"2021-10-15T13:58:55","modified_gmt":"2021-10-15T06:58:55","slug":"thong-bao-tuyen-sinh","status":"publish","type":"page","link":"https:\/\/en.elo.edu.vn\/?page_id=5514","title":{"rendered":"Th\u00f4ng b\u00e1o tuy\u1ec3n sinh"},"content":{"rendered":"<style type=\"text\/css\"><span data-mce-type=\"bookmark\" style=\"display: inline-block; width: 0px; overflow: hidden; line-height: 0;\" class=\"mce_SELRES_start\">\ufeff<\/span>@media only screen and (min-width: 1000px) and (max-width: 5000px){body.kc-css-system .kc-css-2257805{width: 64.75%;}body.kc-css-system .kc-css-1619039{width: 35.24%;}body.kc-css-system .kc-css-3719750{width: 42%;}body.kc-css-system .kc-css-476553{width: 33%;}body.kc-css-system .kc-css-973280{width: 25%;}}body.kc-css-system .kc-css-3135240 .timer{color: #000000;font-family: Roboto;font-size: 18px;line-height: 20px;font-weight: bold;}body.kc-css-system .kc-css-3135240 .unit{color: #000000;font-family: Roboto;font-size: 18px;line-height: 20px;font-weight: bold;text-transform: uppercase;}body.kc-css-system .kc-css-3135240 .group{background-color: #dadada;text-align: center;height: 70px;width: 70px;border-radius: 60px 60px 60px 60px;}<\/style>\n<section class=\"kc-elm kc-css-1175586 kc_row section1-thongbaotuyensinh\">\n<div class=\"kc-row-container kc-container\">\n<div class=\"kc-wrap-columns\">\n<div class=\"kc-elm kc-css-2257805 kc_col-sm-8 kc_column kc_col-sm-8 blogpost-elo\">\n<div class=\"container-blogpost-elo kc-col-container\">\n<div class=\"kc-elm kc-css-4074209 list-post-type list-post category \">No posts found<\/div>\n<\/div>\n<\/div>\n<div class=\"kc-elm kc-css-1619039 kc_col-sm-4 kc_column kc_col-sm-4 col-formsurveyelo\">\n<div class=\"container-col-formsurveyelo kc-col-container\">\n<div class=\"kc-contact-form7 kc-elm kc-css-3442615 title-form\">\n<h2>\u0110\u0102NG K\u00dd NH\u1eacN T\u01af V\u1ea4N<\/h2>\n<div id=\"wpcf7-f1708-o2\" class=\"wpcf7\" dir=\"ltr\" lang=\"en-US\" role=\"form\">\n<div class=\"screen-reader-response\"><\/div>\n<form class=\"wpcf7-form\" action=\"\/elo-home\/wp-admin\/post.php?post=5514&amp;action=edit&amp;meta-box-loader=1&amp;_wpnonce=1d0980395f&amp;_locale=user#wpcf7-f1708-o2\" method=\"post\" novalidate=\"novalidate\">\n<div style=\"display: none;\"><input name=\"_wpcf7\" type=\"hidden\" value=\"1708\" \/><br \/>\n<input name=\"_wpcf7_version\" type=\"hidden\" value=\"5.1.1\" \/><br \/>\n<input name=\"_wpcf7_locale\" type=\"hidden\" value=\"en_US\" \/><br \/>\n<input name=\"_wpcf7_unit_tag\" type=\"hidden\" value=\"wpcf7-f1708-o2\" \/><br \/>\n<input name=\"_wpcf7_container_post\" type=\"hidden\" value=\"0\" \/><br \/>\n<input name=\"g-recaptcha-response\" type=\"hidden\" value=\"\" \/><\/div>\n<p><span class=\"wpcf7-form-control-wrap fullname\"><input class=\"wpcf7-form-control wpcf7-text wpcf7-validates-as-required form-fullname\" name=\"fullname\" size=\"40\" type=\"text\" value=\"\" placeholder=\"H\u1ecd v\u00e0 t\u00ean\" aria-required=\"true\" aria-invalid=\"false\" \/><\/span><\/p>\n<p><span class=\"wpcf7-form-control-wrap email\"><input class=\"wpcf7-form-control wpcf7-text wpcf7-email wpcf7-validates-as-required wpcf7-validates-as-email form-email\" name=\"email\" size=\"40\" type=\"email\" value=\"\" placeholder=\"Email\" aria-required=\"true\" aria-invalid=\"false\" \/><\/span><\/p>\n<p><span class=\"wpcf7-form-control-wrap numberphone\"><input class=\"wpcf7-form-control wpcf7-text wpcf7-tel wpcf7-validates-as-required wpcf7-validates-as-tel form-numberphone\" name=\"numberphone\" size=\"40\" type=\"tel\" value=\"\" placeholder=\"S\u1ed1 \u0111i\u1ec7n tho\u1ea1i\" aria-required=\"true\" aria-invalid=\"false\" \/><\/span><\/p>\n<p><span class=\"wpcf7-form-control-wrap harbourage\"><select class=\"wpcf7-form-control wpcf7-select wpcf7-validates-as-required form-harbourage\" name=\"harbourage\" aria-required=\"true\" aria-invalid=\"false\"><option value=\"N\u01a1i \u1edf hi\u1ec7n t\u1ea1i (T\u1ec9nh\/Th\u00e0nh ph\u1ed1)\">N\u01a1i \u1edf hi\u1ec7n t\u1ea1i (T\u1ec9nh\/Th\u00e0nh ph\u1ed1)<\/option><option value=\"An Giang\">An Giang<\/option><option value=\"B\u00e0 R\u1ecba - V\u0169ng T\u00e0u\">B\u00e0 R\u1ecba &#8211; V\u0169ng T\u00e0u<\/option><option value=\"B\u1eafc Giang\">B\u1eafc Giang<\/option><option value=\"B\u1eafc K\u1ea1n\">B\u1eafc K\u1ea1n<\/option><option value=\"B\u1ea1c Li\u00eau\">B\u1ea1c Li\u00eau<\/option><option value=\"B\u1eafc Ninh\">B\u1eafc Ninh<\/option><option value=\"B\u1ebfn Tre\">B\u1ebfn Tre<\/option><option value=\"B\u00ecnh \u0110\u1ecbnh\">B\u00ecnh \u0110\u1ecbnh<\/option><option value=\"B\u00ecnh D\u01b0\u01a1ng\">B\u00ecnh D\u01b0\u01a1ng<\/option><option value=\"B\u00ecnh Ph\u01b0\u1edbc\">B\u00ecnh Ph\u01b0\u1edbc<\/option><option value=\"B\u00ecnh Thu\u1eadn\">B\u00ecnh Thu\u1eadn<\/option><option value=\"C\u00e0 Mau\">C\u00e0 Mau<\/option><option value=\"Cao B\u1eb1ng\">Cao B\u1eb1ng<\/option><option value=\"\u0110\u1eafk L\u1eafk\">\u0110\u1eafk L\u1eafk<\/option><option value=\"\u0110\u1eafk N\u00f4ng\">\u0110\u1eafk N\u00f4ng<\/option><option value=\"\u0110i\u1ec7n Bi\u00ean\">\u0110i\u1ec7n Bi\u00ean<\/option><option value=\"\u0110\u1ed3ng Nai\">\u0110\u1ed3ng Nai<\/option><option value=\"\u0110\u1ed3ng Th\u00e1p\">\u0110\u1ed3ng Th\u00e1p<\/option><option value=\"Gia Lai\">Gia Lai<\/option><option value=\"H\u00e0 Giang\">H\u00e0 Giang<\/option><option value=\"H\u00e0 Nam\">H\u00e0 Nam<\/option><option value=\"H\u00e0 T\u0129nh\">H\u00e0 T\u0129nh<\/option><option value=\"H\u1ea3i D\u01b0\u01a1ng\">H\u1ea3i D\u01b0\u01a1ng<\/option><option value=\"H\u1eadu Giang\">H\u1eadu Giang<\/option><option value=\"H\u00f2a B\u00ecnh\">H\u00f2a B\u00ecnh<\/option><option value=\"H\u01b0ng Y\u00ean\">H\u01b0ng Y\u00ean<\/option><option value=\"Kh\u00e1nh H\u00f2a\">Kh\u00e1nh H\u00f2a<\/option><option value=\"Ki\u00ean Giang\">Ki\u00ean Giang<\/option><option value=\"Kon Tum\">Kon Tum<\/option><option value=\"Lai Ch\u00e2u\">Lai Ch\u00e2u<\/option><option value=\"L\u00e2m \u0110\u1ed3ng\">L\u00e2m \u0110\u1ed3ng<\/option><option value=\"L\u1ea1ng S\u01a1n\">L\u1ea1ng S\u01a1n<\/option><option value=\"L\u00e0o Cai\">L\u00e0o Cai<\/option><option value=\"Long An\">Long An<\/option><option value=\"Nam \u0110\u1ecbnh\">Nam \u0110\u1ecbnh<\/option><option value=\"Ngh\u1ec7 An\">Ngh\u1ec7 An<\/option><option value=\"Ninh B\u00ecnh\">Ninh B\u00ecnh<\/option><option value=\"Ninh Thu\u1eadn\">Ninh Thu\u1eadn<\/option><option value=\"Ph\u00fa Th\u1ecd\">Ph\u00fa Th\u1ecd<\/option><option value=\"Qu\u1ea3ng B\u00ecnh\">Qu\u1ea3ng B\u00ecnh<\/option><option value=\"Qu\u1ea3ng Nam\">Qu\u1ea3ng Nam<\/option><option value=\"Qu\u1ea3ng Ng\u00e3i\">Qu\u1ea3ng Ng\u00e3i<\/option><option value=\"Qu\u1ea3ng Ninh\">Qu\u1ea3ng Ninh<\/option><option value=\"Qu\u1ea3ng Tr\u1ecb\">Qu\u1ea3ng Tr\u1ecb<\/option><option value=\"S\u00f3c Tr\u0103ng\">S\u00f3c Tr\u0103ng<\/option><option value=\"S\u01a1n La\">S\u01a1n La<\/option><option value=\"T\u00e2y Ninh\">T\u00e2y Ninh<\/option><option value=\"Th\u00e1i B\u00ecnh\">Th\u00e1i B\u00ecnh<\/option><option value=\"Th\u00e1i Nguy\u00ean\">Th\u00e1i Nguy\u00ean<\/option><option value=\"Thanh H\u00f3a\">Thanh H\u00f3a<\/option><option value=\"Th\u1eeba Thi\u00ean Hu\u1ebf\">Th\u1eeba Thi\u00ean Hu\u1ebf<\/option><option value=\"Ti\u1ec1n Giang\">Ti\u1ec1n Giang<\/option><option value=\"Tr\u00e0 Vinh\">Tr\u00e0 Vinh<\/option><option value=\"Tuy\u00ean Quang\">Tuy\u00ean Quang<\/option><option value=\"V\u0129nh Long\">V\u0129nh Long<\/option><option value=\"V\u0129nh Ph\u00fac\">V\u0129nh Ph\u00fac<\/option><option value=\"Y\u00ean B\u00e1i\">Y\u00ean B\u00e1i<\/option><option value=\"Ph\u00fa Y\u00ean\">Ph\u00fa Y\u00ean<\/option><option value=\"C\u1ea7n Th\u01a1\">C\u1ea7n Th\u01a1<\/option><option value=\"\u0110\u00e0 N\u1eb5ng\">\u0110\u00e0 N\u1eb5ng<\/option><option value=\"H\u1ea3i Ph\u00f2ng\">H\u1ea3i Ph\u00f2ng<\/option><option value=\"H\u00e0 N\u1ed9i\">H\u00e0 N\u1ed9i<\/option><option value=\"TP HCM\">TP HCM<\/option><\/select><\/span><\/p>\n<p><span class=\"wpcf7-form-control-wrap majors\"><select class=\"wpcf7-form-control wpcf7-select wpcf7-validates-as-required form-majors\" name=\"majors\" aria-required=\"true\" aria-invalid=\"false\"><option value=\"Ng\u00e0nh h\u1ecdc\">Ng\u00e0nh h\u1ecdc<\/option><option value=\"K\u1ebf to\u00e1n\">K\u1ebf to\u00e1n<\/option><option value=\"Ki\u1ec3m to\u00e1n\">Ki\u1ec3m to\u00e1n<\/option><option value=\"Qu\u1ea3n tr\u1ecb kinh doanh\">Qu\u1ea3n tr\u1ecb kinh doanh<\/option><option value=\"Qu\u1ea3n tr\u1ecb nh\u00e2n l\u1ef1c\">Qu\u1ea3n tr\u1ecb nh\u00e2n l\u1ef1c<\/option><option value=\"Kinh doanh qu\u1ed1c t\u1ebf\">Kinh doanh qu\u1ed1c t\u1ebf<\/option><option value=\"Ng\u00f4n ng\u1eef anh\">Ng\u00f4n ng\u1eef anh<\/option><option value=\"Lu\u1eadt h\u1ecdc\">Lu\u1eadt h\u1ecdc<\/option><option value=\"Lu\u1eadt kinh t\u1ebf\">Lu\u1eadt kinh t\u1ebf<\/option><option value=\"T\u00e0i ch\u00ednh ng\u00e2n h\u00e0ng\">T\u00e0i ch\u00ednh ng\u00e2n h\u00e0ng<\/option><\/select><\/span><\/p>\n<p><span class=\"wpcf7-form-control-wrap timeconnect\"><select class=\"wpcf7-form-control wpcf7-select wpcf7-validates-as-required form-timeconnect\" name=\"timeconnect\" aria-required=\"true\" aria-invalid=\"false\"><option value=\"Th\u1eddi gian nh\u1eadn t\u01b0 v\u1ea5n t\u1eeb th\u1ee9 2 \u0111\u1ebfn th\u1ee9 7\">Th\u1eddi gian nh\u1eadn t\u01b0 v\u1ea5n t\u1eeb th\u1ee9 2 \u0111\u1ebfn th\u1ee9 7<\/option><option value=\"08:00 AM\">08:00 AM<\/option><option value=\"09:00 AM\">09:00 AM<\/option><option value=\"10:00 AM\">10:00 AM<\/option><option value=\"11:00 AM\">11:00 AM<\/option><option value=\"12:00 AM\">12:00 AM<\/option><option value=\"01:00 PM\">01:00 PM<\/option><option value=\"02:00 PM\">02:00 PM<\/option><option value=\"03:00 PM\">03:00 PM<\/option><option value=\"04:00 PM\">04:00 PM<\/option><\/select><\/span><\/p>\n<p><span class=\"wpcf7-form-control-wrap portal\"><select class=\"wpcf7-form-control wpcf7-select wpcf7-validates-as-required form-portal-elo\" name=\"portal\" aria-required=\"true\" aria-invalid=\"false\"><option value=\"B\u1ea1n bi\u1ebft Elo t\u1eeb k\u00eanh th\u00f4ng tin n\u00e0o?\">B\u1ea1n bi\u1ebft Elo t\u1eeb k\u00eanh th\u00f4ng tin n\u00e0o?<\/option><option value=\"Facebook\">Facebook<\/option><option value=\"Zalo\">Zalo<\/option><option value=\"C\u1ed1c C\u1ed1c\">C\u1ed1c C\u1ed1c<\/option><option value=\"B\u00e1o ch\u00ed\">B\u00e1o ch\u00ed<\/option><option value=\"Google\">Google<\/option><option value=\"Ng\u01b0\u1eddi quen\">Ng\u01b0\u1eddi quen<\/option><option value=\"T\u1eeb ngu\u1ed3n kh\u00e1c\">T\u1eeb ngu\u1ed3n kh\u00e1c<\/option><\/select><\/span><\/p>\n<p><input class=\"wpcf7-form-control wpcf7-submit submit-elo\" type=\"submit\" value=\"\u0111\u0103ng k\u00fd ngay\" \/><\/p>\n<p><input class=\"wpcf7-pum\" type=\"hidden\" value=\"{&quot;closepopup&quot;:false,&quot;closedelay&quot;:0,&quot;openpopup&quot;:false,&quot;openpopup_id&quot;:0}\" \/><\/p>\n<div class=\"wpcf7-response-output wpcf7-display-none\"><\/div>\n<\/form>\n<\/div>\n<\/div>\n<div class=\"kc-elm kc-css-3135240\">\n<h3>h\u1ea1n ch\u00f3t nh\u1eadn t\u01b0 v\u1ea5n 24\/11\/2018<\/h3>\n<div class=\"kc-countdown-timer countdown-elo\" data-countdown=\"{&quot;date&quot;:&quot;2019\\\/03\\\/02&quot;,&quot;template&quot;:&quot;&lt;span class=\\&quot;countdown-style1\\&quot;&gt; &lt;span class=\\&quot;group\\&quot;&gt; &lt;span class=\\&quot;timer days\\&quot;&gt;%D&lt;\\\/span&gt;&lt;\\\/br&gt; &lt;span class=\\&quot;unit\\&quot;&gt;NG\\u00c0Y&lt;\\\/span&gt; &lt;\\\/span&gt; &lt;span class=\\&quot;group\\&quot;&gt; &lt;span class=\\&quot;timer seconds\\&quot;&gt;%H&lt;\\\/span&gt;&lt;\\\/br&gt; &lt;span class=\\&quot;unit\\&quot;&gt;GI\\u1edc&lt;\\\/span&gt; &lt;\\\/span&gt; &lt;span class=\\&quot;group\\&quot;&gt; &lt;span class=\\&quot;timer seconds\\&quot;&gt;%M&lt;\\\/span&gt;&lt;\\\/br&gt; &lt;span class=\\&quot;unit\\&quot;&gt;PH\\u00daT&lt;\\\/span&gt; &lt;\\\/span&gt; &lt;span class=\\&quot;group\\&quot;&gt; &lt;span class=\\&quot;timer seconds\\&quot;&gt;%S&lt;\\\/span&gt;&lt;\\\/br&gt; &lt;span class=\\&quot;unit\\&quot;&gt;GI\\u00c2Y&lt;\\\/span&gt; &lt;\\\/span&gt; &lt;\\\/span&gt;&quot;}\"><\/div>\n<\/div>\n<\/div>\n<\/div>\n<\/div>\n<\/div>\n<\/section>\n<section class=\"kc-elm kc-css-1174872 kc_row section-footer1\">\n<div class=\"kc-row-container kc-container container-section-footer1 container\">\n<div class=\"kc-wrap-columns\">\n<div class=\"kc-elm kc-css-3719750 kc_col-sm-5 kc_column kc_col-sm-5 col1-footer\">\n<div class=\"container-col1-footer kc-col-container\">\n<div class=\"kc-elm kc-css-374855 kc_shortcode kc_single_image img-footer\">\n<p><img class=\"\" src=\"http:\/\/develo.elo.edu.vn\/wp-content\/uploads\/2019\/01\/logo2-1.png\" alt=\"\" \/><\/p>\n<\/div>\n<div class=\"kc-elm kc-css-3315280 kc_text_block text-intro-logo\">\n<p>\u00a0Lorem ipsum dolor sit amet, consectetur adipiscing elit. Mauris interdum orci a erat<\/p>\n<\/div>\n<\/div>\n<\/div>\n<div class=\"kc-elm kc-css-476553 kc_col-sm-4 kc_column kc_col-sm-4 col2-footer\">\n<div class=\"container-col2-footer kc-col-container\">\n<div class=\"kc-elm kc-css-1387911 kc_text_block title-lienhe\">\n<div>LI\u00caN H\u1ec6<\/div>\n<\/div>\n<div class=\"kc-elm kc-css-761761 kc-raw-code\"><i class=\"fa-home\"> Ph\u00f2ng 505, s\u1ed1 97 V\u00f5 V\u0103n T\u1ea7n, Ph\u01b0\u1eddng 6, Qu\u1eadn 3, Th\u00e0nh ph\u1ed1 H\u1ed3 Ch\u00ed Minh<\/i><br \/>\n<i class=\"fa-phone\"> 18006119 \u1ea5n ph\u00edm 2<\/i><br \/>\n<i class=\"fa-envelope\"> elo@oude.edu.vn <\/i><\/div>\n<\/div>\n<\/div>\n<div class=\"kc-elm kc-css-973280 kc_col-sm-3 kc_column kc_col-sm-3 col3-footer\">\n<div class=\"container-col3-footer kc-col-container\">\n<div class=\"kc-elm kc-css-366909 kc_text_block title-social\">\n<div>TRANG X\u00c3 H\u1ed8I<\/div>\n<\/div>\n<div class=\"kc-elm kc-css-3872275 kc-raw-code\"><\/div>\n<\/div>\n<\/div>\n<\/div>\n<\/div>\n<\/section>\n","protected":false},"excerpt":{"rendered":"<p>No posts found \u0110\u0102NG K\u00dd NH\u1eacN T\u01af V\u1ea4N N\u01a1i \u1edf hi\u1ec7n t\u1ea1i (T\u1ec9nh\/Th\u00e0nh ph\u1ed1)An GiangB\u00e0 R\u1ecba &#8211; V\u0169ng T\u00e0uB\u1eafc GiangB\u1eafc K\u1ea1nB\u1ea1c Li\u00eauB\u1eafc NinhB\u1ebfn TreB\u00ecnh \u0110\u1ecbnhB\u00ecnh D\u01b0\u01a1ngB\u00ecnh Ph\u01b0\u1edbcB\u00ecnh Thu\u1eadnC\u00e0 MauCao B\u1eb1ng\u0110\u1eafk L\u1eafk\u0110\u1eafk N\u00f4ng\u0110i\u1ec7n Bi\u00ean\u0110\u1ed3ng Nai\u0110\u1ed3ng Th\u00e1pGia LaiH\u00e0 GiangH\u00e0 NamH\u00e0 T\u0129nhH\u1ea3i D\u01b0\u01a1ngH\u1eadu GiangH\u00f2a B\u00ecnhH\u01b0ng Y\u00eanKh\u00e1nh H\u00f2aKi\u00ean GiangKon TumLai Ch\u00e2uL\u00e2m \u0110\u1ed3ngL\u1ea1ng S\u01a1nL\u00e0o CaiLong AnNam \u0110\u1ecbnhNgh\u1ec7 AnNinh B\u00ecnhNinh Thu\u1eadnPh\u00fa [&hellip;]<\/p>\n","protected":false},"author":1,"featured_media":5940,"parent":0,"menu_order":0,"comment_status":"closed","ping_status":"closed","template":"","meta":[],"_links":{"self":[{"href":"https:\/\/en.elo.edu.vn\/index.php?rest_route=\/wp\/v2\/pages\/5514"}],"collection":[{"href":"https:\/\/en.elo.edu.vn\/index.php?rest_route=\/wp\/v2\/pages"}],"about":[{"href":"https:\/\/en.elo.edu.vn\/index.php?rest_route=\/wp\/v2\/types\/page"}],"author":[{"embeddable":true,"href":"https:\/\/en.elo.edu.vn\/index.php?rest_route=\/wp\/v2\/users\/1"}],"replies":[{"embeddable":true,"href":"https:\/\/en.elo.edu.vn\/index.php?rest_route=%2Fwp%2Fv2%2Fcomments&post=5514"}],"version-history":[{"count":1,"href":"https:\/\/en.elo.edu.vn\/index.php?rest_route=\/wp\/v2\/pages\/5514\/revisions"}],"predecessor-version":[{"id":16999,"href":"https:\/\/en.elo.edu.vn\/index.php?rest_route=\/wp\/v2\/pages\/5514\/revisions\/16999"}],"wp:featuredmedia":[{"embeddable":true,"href":"https:\/\/en.elo.edu.vn\/index.php?rest_route=\/wp\/v2\/media\/5940"}],"wp:attachment":[{"href":"https:\/\/en.elo.edu.vn\/index.php?rest_route=%2Fwp%2Fv2%2Fmedia&parent=5514"}],"curies":[{"name":"wp","href":"https:\/\/api.w.org\/{rel}","templated":true}]}}