
{"id":7660,"date":"2019-03-12T13:41:53","date_gmt":"2019-03-12T06:41:53","guid":{"rendered":"http:\/\/localhost\/elo-home\/?page_id=7660"},"modified":"2022-06-13T13:29:05","modified_gmt":"2022-06-13T06:29:05","slug":"quy-dinh-quy-che","status":"publish","type":"page","link":"https:\/\/en.elo.edu.vn\/?page_id=7660","title":{"rendered":"Regulation &#8211; Statute"},"content":{"rendered":"<p>[vc_row][vc_column][vc_empty_space height=&#8221;50px&#8221; el_class=&#8221;vc_hidden-xs vc_hidden-sm&#8221;][vc_empty_space height=&#8221;40px&#8221;]<div class=\"elo-heading text-center\">REGULATION - STATUTE<\/div>[\/vc_column][\/vc_row][vc_row][vc_column]<div class=\"elo-regulation \"><div class=\"elo-regulation__content\">1. Statute of distance training at University level<\/div><a href=\"https:\/\/drive.google.com\/file\/d\/1qUMfFMRU0yw9-NCUT_fhO7II3xUJQFos\/view\" target=\"_blank\" rel=\"nofollow\" class=\"elo-regulation__link\">Read now<\/a><\/div><div class=\"elo-regulation \"><div class=\"elo-regulation__content\">2. Regulation on organizing and managing of distance learning<\/div><a href=\"https:\/\/drive.google.com\/file\/d\/1Z7IUZvst249rs_BOf9S9L-L_VUHcIL9k\/view\" target=\"_blank\" rel=\"nofollow\" class=\"elo-regulation__link\">Read now<\/a><\/div><div class=\"elo-regulation \"><div class=\"elo-regulation__content\">3. Regulations on organizing trainings, examinotions, conferring certificates and degree<\/div><a href=\"https:\/\/drive.google.com\/file\/d\/1QZHaw2AMk9ie1uJ2N47mPVp376HI2WMW\/view\" target=\"_blank\" rel=\"nofollow\" class=\"elo-regulation__link\">Read now<\/a><\/div><div class=\"elo-regulation \"><div class=\"elo-regulation__content\">4. Regulations on organizing trainings, examinotions, conferring certificates and degree (updated)<\/div><a href=\"https:\/\/drive.google.com\/file\/d\/1HN0sWr9x3xZn3hoKP7oAWGZZmyGQ0zfk\/view\" target=\"_blank\" rel=\"nofollow\" class=\"elo-regulation__link\">Read now<\/a><\/div><div class=\"elo-regulation \"><div class=\"elo-regulation__content\">5. Regulations on final exams<\/div><a href=\"https:\/\/drive.google.com\/file\/d\/1wOqlE2vChRyDFJwryqwGy_6ULBMSnULf\/view\" target=\"_blank\" rel=\"nofollow\" class=\"elo-regulation__link\">Read now<\/a><\/div><div class=\"elo-regulation \"><div class=\"elo-regulation__content\">6. Regulations on course exemptions and credit transfers<\/div><a href=\"https:\/\/drive.google.com\/file\/d\/1quYWoVXQC4Gz58R5ubUHZY0uGgp57r_b\/view\" target=\"_blank\" rel=\"nofollow\" class=\"elo-regulation__link\">Read now<\/a><\/div><div class=\"elo-regulation \"><div class=\"elo-regulation__content\">7. Regulations on course registration and tuition payment of Distance Learning Bachelor Program<\/div><a href=\"https:\/\/drive.google.com\/file\/d\/1TaVSLzCoiaiYiIdx79trxg-7YOlQeEl9\/view\" target=\"_blank\" rel=\"nofollow\" class=\"elo-regulation__link\">Read now<\/a><\/div><div class=\"elo-regulation \"><div class=\"elo-regulation__content\">8. Regulations on non-specialized foreign language requirements<\/div><a href=\"https:\/\/drive.google.com\/file\/d\/1Got9esLCfhFTGYU9exeaaP8HaR_9uZ8o\/view\" target=\"_blank\" rel=\"nofollow\" class=\"elo-regulation__link\">Read now<\/a><\/div><div class=\"elo-regulation \"><div class=\"elo-regulation__content\">9. Regulations on office information requirements<\/div><a href=\"https:\/\/drive.google.com\/file\/d\/1gnmqlf54l-RhiipBeMM7ylg8KyFzc8W5\/view\" target=\"_blank\" rel=\"nofollow\" class=\"elo-regulation__link\">Read now<\/a><\/div><div class=\"elo-regulation \"><div class=\"elo-regulation__content\">10. Rules of using online learning management system<\/div><a href=\"https:\/\/drive.google.com\/file\/d\/1TrGr523WzqnTRkK4xX1fJxHOxDHbvCP9\/view\" target=\"_blank\" rel=\"nofollow\" class=\"elo-regulation__link\">Read now<\/a><\/div><div class=\"elo-regulation \"><div class=\"elo-regulation__content\">11. Regulations on duties of students taking the exam<\/div><a href=\"\" target=\"_blank\" rel=\"nofollow\" class=\"elo-regulation__link\">Read now<\/a><\/div><div class=\"elo-regulation \"><div class=\"elo-regulation__content\">12. Level of collecting tuition fees, applying from course 2\/2019 and earlier<\/div><a href=\"https:\/\/drive.google.com\/file\/d\/1VGMaYuCKutyy3pbDd_iPf_D6-u26fdMt\/view\" target=\"_blank\" rel=\"nofollow\" class=\"elo-regulation__link\">Read now<\/a><\/div><div class=\"elo-regulation \"><div class=\"elo-regulation__content\">13. Level of collecting tuition fees, applying from course 3\/2019<\/div><a href=\"https:\/\/drive.google.com\/file\/d\/1mmONlZ1oOUfXTe9XmkjVikMk345HiIkf\/view?usp=sharing\" target=\"_blank\" rel=\"nofollow\" class=\"elo-regulation__link\">Read now<\/a><\/div>[\/vc_column][\/vc_row][vc_row disable_element=&#8221;yes&#8221;][vc_column][vc_empty_space height=&#8221;50px&#8221;]<div class=\" ubtn-ctn-center elo-button popup-button-form\"><button type=\"button\" id=\"ubtn-3860\"  class=\"ubtn ult-adjust-bottom-margin ult-responsive ubtn-custom ubtn-no-hover-bg  none  ubtn-center elo-button popup-button-form  tooltip-69fc4ba9da989\"  data-hover=\"#ffffff\" data-border-color=\"\" data-bg=\"linear-gradient(to right, #fc720c, #f02127)\" data-hover-bg=\"linear-gradient(to right, #f02127, #fc720c)\" data-border-hover=\"\" data-shadow-hover=\"\" data-shadow-click=\"none\" data-shadow=\"\" data-shd-shadow=\"\"  data-ultimate-target='#ubtn-3860'  data-responsive-json-new='{\"font-size\":\"desktop:18px;\",\"line-height\":\"desktop:20px;\"}'  style=\"font-weight:bold;width:270px;min-height:56px;padding:px px;border:none;background: linear-gradient(to right, #fc720c, #f02127);color: #ffffff;\"><span class=\"ubtn-hover\" style=\"background-color:#f02127\"><\/span><span class=\"ubtn-data ubtn-text \" >\u0110\u0102NG K\u00dd NH\u1eacN T\u01af V\u1ea4N<\/span><\/button><\/div>[vc_empty_space height=&#8221;25px&#8221;][\/vc_column][\/vc_row][vc_row][vc_column][vc_empty_space height=&#8221;60px&#8221;][\/vc_column][\/vc_row]<\/p>\n","protected":false},"excerpt":{"rendered":"<p>[vc_row][vc_column][vc_empty_space height=&#8221;50px&#8221; el_class=&#8221;vc_hidden-xs vc_hidden-sm&#8221;][vc_empty_space height=&#8221;40px&#8221;][\/vc_column][\/vc_row][vc_row][vc_column][\/vc_column][\/vc_row][vc_row disable_element=&#8221;yes&#8221;][vc_column][vc_empty_space height=&#8221;50px&#8221;][vc_empty_space height=&#8221;25px&#8221;][\/vc_column][\/vc_row][vc_row][vc_column][vc_empty_space height=&#8221;60px&#8221;][\/vc_column][\/vc_row]<\/p>\n","protected":false},"author":1,"featured_media":16438,"parent":0,"menu_order":0,"comment_status":"closed","ping_status":"closed","template":"","meta":[],"_links":{"self":[{"href":"https:\/\/en.elo.edu.vn\/index.php?rest_route=\/wp\/v2\/pages\/7660"}],"collection":[{"href":"https:\/\/en.elo.edu.vn\/index.php?rest_route=\/wp\/v2\/pages"}],"about":[{"href":"https:\/\/en.elo.edu.vn\/index.php?rest_route=\/wp\/v2\/types\/page"}],"author":[{"embeddable":true,"href":"https:\/\/en.elo.edu.vn\/index.php?rest_route=\/wp\/v2\/users\/1"}],"replies":[{"embeddable":true,"href":"https:\/\/en.elo.edu.vn\/index.php?rest_route=%2Fwp%2Fv2%2Fcomments&post=7660"}],"version-history":[{"count":13,"href":"https:\/\/en.elo.edu.vn\/index.php?rest_route=\/wp\/v2\/pages\/7660\/revisions"}],"predecessor-version":[{"id":18261,"href":"https:\/\/en.elo.edu.vn\/index.php?rest_route=\/wp\/v2\/pages\/7660\/revisions\/18261"}],"wp:featuredmedia":[{"embeddable":true,"href":"https:\/\/en.elo.edu.vn\/index.php?rest_route=\/wp\/v2\/media\/16438"}],"wp:attachment":[{"href":"https:\/\/en.elo.edu.vn\/index.php?rest_route=%2Fwp%2Fv2%2Fmedia&parent=7660"}],"curies":[{"name":"wp","href":"https:\/\/api.w.org\/{rel}","templated":true}]}}