
{"id":7700,"date":"2019-03-12T14:30:37","date_gmt":"2019-03-12T07:30:37","guid":{"rendered":"http:\/\/localhost\/elo-home\/?page_id=7700"},"modified":"2022-06-16T14:15:08","modified_gmt":"2022-06-16T07:15:08","slug":"huong-dan-su-dung-cho-sinh-vien","status":"publish","type":"page","link":"https:\/\/en.elo.edu.vn\/?page_id=7700","title":{"rendered":"INSTRUCTIONS FOR LEARNERS"},"content":{"rendered":"<p>[vc_row][vc_column][vc_empty_space height=&#8221;60px&#8221; el_class=&#8221;vc_hidden-xs vc_hidden-sm&#8221;][vc_empty_space height=&#8221;60px&#8221;][\/vc_column][\/vc_row][vc_row][vc_column width=&#8221;1\/2&#8243;][vc_single_image image=&#8221;16238&#8243; img_size=&#8221;full&#8221;][\/vc_column][vc_column width=&#8221;1\/2&#8243;][vc_empty_space height=&#8221;50px&#8221; el_class=&#8221;vc_hidden-xs vc_hidden-sm&#8221;]<div class=\"elo-heading no-margin\">INSTRUCTIONS FOR LEARNERS<\/div><div class=\"elo-heading \">ABOUT ONLINE LEARNING SYSTEM<\/div>[vc_column_text]Dear students! In order to help you conveniently access and use the Online Learning Management System of Ho Chi Minh City, the technical department of eLearning Center would like to give you clear guidance as follows:[\/vc_column_text][\/vc_column][\/vc_row][vc_row][vc_column][vc_empty_space height=&#8221;30px&#8221; el_class=&#8221;vc_hidden-xs vc_hidden-sm&#8221;][vc_empty_space height=&#8221;30px&#8221;][\/vc_column][\/vc_row][vc_row el_class=&#8221;vc_row-flex&#8221;][vc_column width=&#8221;1\/3&#8243; offset=&#8221;vc_col-lg-1\/5 vc_col-md-4 vc_col-xs-6&#8243;]<div class=\"elo-video \"><div class=\"elo-video__link\"><a href=\"https:\/\/drive.google.com\/file\/d\/1hlinJPgE3RKn7iR4ys3147kEasyH0uSp\/view\" style=\"background-image: url(https:\/\/en.elo.edu.vn\/wp-content\/uploads\/2022\/06\/support.jpg); background-position: center; background-repeat: no-repeat;background-size: cover;\"><span class=\"elo-video__icon\"><svg xmlns=\"http:\/\/www.w3.org\/2000\/svg\" width=\"8\" height=\"11\" viewBox=\"0 0 8 11\"><path d=\"M8 5.5L0.5 10.2631L0.5 0.73686L8 5.5Z\"\/><\/svg><\/span><\/a><\/div><p class=\"elo-video__title\">Instructions for using ELOSUPPORT system<\/p><p class=\"elo-video__subtitle\">Please click to read PDF<\/p><\/div><div class=\"elo-video \"><div class=\"elo-video__link\"><a href=\"https:\/\/youtu.be\/TqCOHx2B9sg\" style=\"background-image: url(https:\/\/en.elo.edu.vn\/wp-content\/uploads\/2021\/06\/dang-nhap-he-thong-khoi-phuc-mat-khau.jpg); background-position: center; background-repeat: no-repeat;background-size: cover;\"><span class=\"elo-video__icon\"><svg xmlns=\"http:\/\/www.w3.org\/2000\/svg\" width=\"8\" height=\"11\" viewBox=\"0 0 8 11\"><path d=\"M8 5.5L0.5 10.2631L0.5 0.73686L8 5.5Z\"\/><\/svg><\/span><\/a><\/div><p class=\"elo-video__title\">Log in to the system and recover the password<\/p><p class=\"elo-video__subtitle\">Please click to watch the video<\/p><\/div>[\/vc_column][vc_column width=&#8221;1\/3&#8243; offset=&#8221;vc_col-lg-1\/5 vc_col-md-4 vc_col-xs-6&#8243;]<div class=\"elo-video \"><div class=\"elo-video__link\"><a href=\"https:\/\/youtu.be\/rJcVyIxVyKE\" style=\"background-image: url(https:\/\/en.elo.edu.vn\/wp-content\/uploads\/2021\/06\/huong-dan-nop-bai-tap-ca-nhan.jpg); background-position: center; background-repeat: no-repeat;background-size: cover;\"><span class=\"elo-video__icon\"><svg xmlns=\"http:\/\/www.w3.org\/2000\/svg\" width=\"8\" height=\"11\" viewBox=\"0 0 8 11\"><path d=\"M8 5.5L0.5 10.2631L0.5 0.73686L8 5.5Z\"\/><\/svg><\/span><\/a><\/div><p class=\"elo-video__title\">Instructions for submitting individual assignments<\/p><p class=\"elo-video__subtitle\">Please click to watch the video<\/p><\/div><div class=\"elo-video \"><div class=\"elo-video__link\"><a href=\"https:\/\/youtu.be\/K_7qwLzK_Oo\" style=\"background-image: url(https:\/\/en.elo.edu.vn\/wp-content\/uploads\/2021\/06\/huong-dan-su-dung-dien-dan.jpg); background-position: center; background-repeat: no-repeat;background-size: cover;\"><span class=\"elo-video__icon\"><svg xmlns=\"http:\/\/www.w3.org\/2000\/svg\" width=\"8\" height=\"11\" viewBox=\"0 0 8 11\"><path d=\"M8 5.5L0.5 10.2631L0.5 0.73686L8 5.5Z\"\/><\/svg><\/span><\/a><\/div><p class=\"elo-video__title\">Instructions for using the forum<\/p><p class=\"elo-video__subtitle\">Please click to watch the video<\/p><\/div>[\/vc_column][vc_column width=&#8221;1\/3&#8243; offset=&#8221;vc_col-lg-1\/5 vc_col-md-4 vc_col-xs-6&#8243;]<div class=\"elo-video \"><div class=\"elo-video__link\"><a href=\"https:\/\/youtu.be\/4AJTK44Kk-k\" style=\"background-image: url(https:\/\/en.elo.edu.vn\/wp-content\/uploads\/2021\/06\/huong-dan-lam-bai-tap-trac-nghiem.jpg); background-position: center; background-repeat: no-repeat;background-size: cover;\"><span class=\"elo-video__icon\"><svg xmlns=\"http:\/\/www.w3.org\/2000\/svg\" width=\"8\" height=\"11\" viewBox=\"0 0 8 11\"><path d=\"M8 5.5L0.5 10.2631L0.5 0.73686L8 5.5Z\"\/><\/svg><\/span><\/a><\/div><p class=\"elo-video__title\">Instructions for taking multiple choice exercises<\/p><p class=\"elo-video__subtitle\">Please click to watch the video<\/p><\/div><div class=\"elo-video \"><div class=\"elo-video__link\"><a href=\"https:\/\/youtu.be\/BPpWKquoJXM\" style=\"background-image: url(https:\/\/en.elo.edu.vn\/wp-content\/uploads\/2021\/06\/gioi-thieu-trang-ca-nha.jpg); background-position: center; background-repeat: no-repeat;background-size: cover;\"><span class=\"elo-video__icon\"><svg xmlns=\"http:\/\/www.w3.org\/2000\/svg\" width=\"8\" height=\"11\" viewBox=\"0 0 8 11\"><path d=\"M8 5.5L0.5 10.2631L0.5 0.73686L8 5.5Z\"\/><\/svg><\/span><\/a><\/div><p class=\"elo-video__title\">About personal page<\/p><p class=\"elo-video__subtitle\">Please click to watch the video<\/p><\/div>[\/vc_column][\/vc_row][vc_row disable_element=&#8221;yes&#8221;][vc_column][vc_empty_space height=&#8221;25px&#8221;]<div class=\" ubtn-ctn-center elo-button popup-button-form\"><button type=\"button\" id=\"ubtn-4486\"  class=\"ubtn ult-adjust-bottom-margin ult-responsive ubtn-custom ubtn-no-hover-bg  none  ubtn-center elo-button popup-button-form  tooltip-69f58c07acfc9\"  data-hover=\"#ffffff\" data-border-color=\"\" data-bg=\"linear-gradient(to right, #fc720c, #f02127)\" data-hover-bg=\"linear-gradient(to right, #f02127, #fc720c)\" data-border-hover=\"\" data-shadow-hover=\"\" data-shadow-click=\"none\" data-shadow=\"\" data-shd-shadow=\"\"  data-ultimate-target='#ubtn-4486'  data-responsive-json-new='{\"font-size\":\"desktop:18px;\",\"line-height\":\"desktop:20px;\"}'  style=\"font-weight:bold;width:270px;min-height:56px;padding:px px;border:none;background: linear-gradient(to right, #fc720c, #f02127);color: #ffffff;\"><span class=\"ubtn-hover\" style=\"background-color:#f02127\"><\/span><span class=\"ubtn-data ubtn-text \" >\u0110\u0102NG K\u00dd NH\u1eacN T\u01af V\u1ea4N<\/span><\/button><\/div>[vc_empty_space height=&#8221;25px&#8221;][\/vc_column][\/vc_row][vc_row][vc_column][vc_empty_space height=&#8221;60px&#8221;][\/vc_column][\/vc_row]<\/p>\n","protected":false},"excerpt":{"rendered":"<p>[vc_row][vc_column][vc_empty_space height=&#8221;60px&#8221; el_class=&#8221;vc_hidden-xs vc_hidden-sm&#8221;][vc_empty_space height=&#8221;60px&#8221;][\/vc_column][\/vc_row][vc_row][vc_column width=&#8221;1\/2&#8243;][vc_single_image image=&#8221;16238&#8243; img_size=&#8221;full&#8221;][\/vc_column][vc_column width=&#8221;1\/2&#8243;][vc_empty_space height=&#8221;50px&#8221; el_class=&#8221;vc_hidden-xs vc_hidden-sm&#8221;][vc_column_text]Dear students! In order to help you conveniently access and use the Online Learning Management System of Ho Chi Minh City, the technical department of eLearning Center would like to give you clear guidance as follows:[\/vc_column_text][\/vc_column][\/vc_row][vc_row][vc_column][vc_empty_space height=&#8221;30px&#8221; el_class=&#8221;vc_hidden-xs vc_hidden-sm&#8221;][vc_empty_space height=&#8221;30px&#8221;][\/vc_column][\/vc_row][vc_row el_class=&#8221;vc_row-flex&#8221;][vc_column width=&#8221;1\/3&#8243; offset=&#8221;vc_col-lg-1\/5 vc_col-md-4 [&hellip;]<\/p>\n","protected":false},"author":1,"featured_media":16235,"parent":0,"menu_order":0,"comment_status":"closed","ping_status":"closed","template":"","meta":[],"_links":{"self":[{"href":"https:\/\/en.elo.edu.vn\/index.php?rest_route=\/wp\/v2\/pages\/7700"}],"collection":[{"href":"https:\/\/en.elo.edu.vn\/index.php?rest_route=\/wp\/v2\/pages"}],"about":[{"href":"https:\/\/en.elo.edu.vn\/index.php?rest_route=\/wp\/v2\/types\/page"}],"author":[{"embeddable":true,"href":"https:\/\/en.elo.edu.vn\/index.php?rest_route=\/wp\/v2\/users\/1"}],"replies":[{"embeddable":true,"href":"https:\/\/en.elo.edu.vn\/index.php?rest_route=%2Fwp%2Fv2%2Fcomments&post=7700"}],"version-history":[{"count":18,"href":"https:\/\/en.elo.edu.vn\/index.php?rest_route=\/wp\/v2\/pages\/7700\/revisions"}],"predecessor-version":[{"id":18311,"href":"https:\/\/en.elo.edu.vn\/index.php?rest_route=\/wp\/v2\/pages\/7700\/revisions\/18311"}],"wp:featuredmedia":[{"embeddable":true,"href":"https:\/\/en.elo.edu.vn\/index.php?rest_route=\/wp\/v2\/media\/16235"}],"wp:attachment":[{"href":"https:\/\/en.elo.edu.vn\/index.php?rest_route=%2Fwp%2Fv2%2Fmedia&parent=7700"}],"curies":[{"name":"wp","href":"https:\/\/api.w.org\/{rel}","templated":true}]}}